{"id":713,"date":"2023-11-04T21:18:35","date_gmt":"2023-11-04T21:18:35","guid":{"rendered":"https:\/\/www.evess.se\/produkt\/abus-kjedelas-140-cm\/"},"modified":"2023-12-10T21:28:05","modified_gmt":"2023-12-10T21:28:05","slug":"abus-kjedeledd-140-cm","status":"publish","type":"product","link":"https:\/\/www.eqmnt.se\/no\/produkt\/tilbehor-elektrisk-moped\/abus-kjedeledd-140-cm\/","title":{"rendered":"ABUS Kjedel\u00e5s 140 cm"},"content":{"rendered":"<p>ABUS City Chain 1010 er den perfekte kjedel\u00e5sen for den elektriske mopeden. L\u00e5sen er en kjedel\u00e5s godkjent klasse B, dvs. godkjent for l\u00e5sing av mopeder og sykler av forsikringsselskaper. Den best\u00e5r av en 9 mm tykk sekskantet kjede i spesialherdet st\u00e5l med omsluttende tekstiltrekk for \u00e5 beskytte mopeden mot riper. Det er ogs\u00e5 et n\u00f8kkelhullsdeksel for l\u00e5semekanismen for \u00e5 beskytte mot rust og skitt. L\u00e5sen er 140 cm lang, noe som gj\u00f8r det mulig \u00e5 enkelt l\u00e5se mopeden til faste gjenstander. L\u00e5sen oppbevares enkelt under salen ved siden av batteriet.<\/p>\n","protected":false},"excerpt":{"rendered":"<p><strong>Levering:<\/strong> 2-4 virkedager  <img loading=\"lazy\" decoding=\"async\" class=\"postal-product-page alignnone wp-image-780\" src=\"https:\/\/n19cmsinze.onrocket.site\/wp-content\/uploads\/2023\/11\/postnord.svg\" alt=\"Postnummer Logo\" width=\"44\" height=\"150\"> <img loading=\"lazy\" decoding=\"async\" class=\"postal-product-page-dhl alignnone wp-image-937\" src=\"https:\/\/n19cmsinze.onrocket.site\/wp-content\/uploads\/2023\/11\/dhl-log.svg\" alt=\"\" width=\"44\" height=\"800\"><\/p>\n<p><strong><span style=\"color: #137ce5;\">Gratis frakt p\u00e5 alt innen Sverige<\/span><\/strong><\/p>\n","protected":false},"featured_media":1006,"comment_status":"closed","ping_status":"closed","template":"","meta":{"_acf_changed":false},"product_brand":[],"product_cat":[36],"product_tag":[],"class_list":{"0":"post-713","1":"product","2":"type-product","3":"status-publish","4":"has-post-thumbnail","6":"product_cat-tilbehor-elektrisk-moped","8":"first","9":"instock","10":"taxable","11":"shipping-taxable","12":"purchasable","13":"product-type-simple"},"acf":[],"yoast_head":"<!-- This site is optimized with the Yoast SEO plugin v27.5 - https:\/\/yoast.com\/product\/yoast-seo-wordpress\/ -->\n<title>ABUS Kjedel\u00e5s 140 cm - beste kjedel\u00e5s for mopeden Eqmnt<\/title>\n<meta name=\"description\" content=\"ABUS CityChain Plus 1010 er den perfekte l\u00e5sen for deg med h\u00f8ye krav til brukervennlighet og sikkerhet. L\u00e5sen er en kjedel\u00e5s.\" \/>\n<meta name=\"robots\" content=\"index, follow, max-snippet:-1, max-image-preview:large, max-video-preview:-1\" \/>\n<link rel=\"canonical\" href=\"https:\/\/www.eqmnt.se\/no\/produkt\/tilbehor-elektrisk-moped\/abus-kjedeledd-140-cm\/\" \/>\n<meta property=\"og:locale\" content=\"nb_NO\" \/>\n<meta property=\"og:type\" content=\"article\" \/>\n<meta property=\"og:title\" content=\"ABUS Kjedel\u00e5s 140 cm - beste kjedel\u00e5s for mopeden Eqmnt\" \/>\n<meta property=\"og:description\" content=\"ABUS CityChain Plus 1010 er den perfekte l\u00e5sen for deg med h\u00f8ye krav til brukervennlighet og sikkerhet. L\u00e5sen er en kjedel\u00e5s.\" \/>\n<meta property=\"og:url\" content=\"https:\/\/www.eqmnt.se\/no\/produkt\/tilbehor-elektrisk-moped\/abus-kjedeledd-140-cm\/\" \/>\n<meta property=\"og:site_name\" content=\"Eqmnt\" \/>\n<meta property=\"article:publisher\" content=\"https:\/\/www.facebook.com\/evessmoped\" \/>\n<meta property=\"article:modified_time\" content=\"2023-12-10T21:28:05+00:00\" \/>\n<meta property=\"og:image\" content=\"https:\/\/www.eqmnt.se\/wp-content\/uploads\/2023\/11\/abus-city-chain.webp\" \/>\n\t<meta property=\"og:image:width\" content=\"600\" \/>\n\t<meta property=\"og:image:height\" content=\"600\" \/>\n\t<meta property=\"og:image:type\" content=\"image\/webp\" \/>\n<meta name=\"twitter:card\" content=\"summary_large_image\" \/>\n<script type=\"application\/ld+json\" class=\"yoast-schema-graph\">{\"@context\":\"https:\\\/\\\/schema.org\",\"@graph\":[{\"@type\":\"WebPage\",\"@id\":\"https:\\\/\\\/www.eqmnt.se\\\/no\\\/produkt\\\/tilbehor-elektrisk-moped\\\/abus-kjedeledd-140-cm\\\/\",\"url\":\"https:\\\/\\\/www.eqmnt.se\\\/no\\\/produkt\\\/tilbehor-elektrisk-moped\\\/abus-kjedeledd-140-cm\\\/\",\"name\":\"ABUS Kjedel\u00e5s 140 cm - beste kjedel\u00e5s for mopeden Eqmnt\",\"isPartOf\":{\"@id\":\"https:\\\/\\\/www.eqmnt.se\\\/no\\\/#website\"},\"primaryImageOfPage\":{\"@id\":\"https:\\\/\\\/www.eqmnt.se\\\/no\\\/produkt\\\/tilbehor-elektrisk-moped\\\/abus-kjedeledd-140-cm\\\/#primaryimage\"},\"image\":{\"@id\":\"https:\\\/\\\/www.eqmnt.se\\\/no\\\/produkt\\\/tilbehor-elektrisk-moped\\\/abus-kjedeledd-140-cm\\\/#primaryimage\"},\"thumbnailUrl\":\"https:\\\/\\\/www.eqmnt.se\\\/wp-content\\\/uploads\\\/2023\\\/11\\\/abus-city-chain.webp\",\"datePublished\":\"2023-11-04T21:18:35+00:00\",\"dateModified\":\"2023-12-10T21:28:05+00:00\",\"description\":\"ABUS CityChain Plus 1010 er den perfekte l\u00e5sen for deg med h\u00f8ye krav til brukervennlighet og sikkerhet. L\u00e5sen er en kjedel\u00e5s.\",\"breadcrumb\":{\"@id\":\"https:\\\/\\\/www.eqmnt.se\\\/no\\\/produkt\\\/tilbehor-elektrisk-moped\\\/abus-kjedeledd-140-cm\\\/#breadcrumb\"},\"inLanguage\":\"nb-NO\",\"potentialAction\":[{\"@type\":\"ReadAction\",\"target\":[\"https:\\\/\\\/www.eqmnt.se\\\/no\\\/produkt\\\/tilbehor-elektrisk-moped\\\/abus-kjedeledd-140-cm\\\/\"]}]},{\"@type\":\"ImageObject\",\"inLanguage\":\"nb-NO\",\"@id\":\"https:\\\/\\\/www.eqmnt.se\\\/no\\\/produkt\\\/tilbehor-elektrisk-moped\\\/abus-kjedeledd-140-cm\\\/#primaryimage\",\"url\":\"https:\\\/\\\/www.eqmnt.se\\\/wp-content\\\/uploads\\\/2023\\\/11\\\/abus-city-chain.webp\",\"contentUrl\":\"https:\\\/\\\/www.eqmnt.se\\\/wp-content\\\/uploads\\\/2023\\\/11\\\/abus-city-chain.webp\",\"width\":600,\"height\":600,\"caption\":\"Abus bykjedel\u00e5s\"},{\"@type\":\"BreadcrumbList\",\"@id\":\"https:\\\/\\\/www.eqmnt.se\\\/no\\\/produkt\\\/tilbehor-elektrisk-moped\\\/abus-kjedeledd-140-cm\\\/#breadcrumb\",\"itemListElement\":[{\"@type\":\"ListItem\",\"position\":1,\"name\":\"Hem\",\"item\":\"https:\\\/\\\/www.eqmnt.se\\\/no\\\/hjem\\\/\"},{\"@type\":\"ListItem\",\"position\":2,\"name\":\"Butik\",\"item\":\"https:\\\/\\\/www.eqmnt.se\\\/butik\\\/\"},{\"@type\":\"ListItem\",\"position\":3,\"name\":\"ABUS Kjedel\u00e5s 140 cm\"}]},{\"@type\":\"WebSite\",\"@id\":\"https:\\\/\\\/www.eqmnt.se\\\/no\\\/#website\",\"url\":\"https:\\\/\\\/www.eqmnt.se\\\/no\\\/\",\"name\":\"Evess\",\"description\":\"Smarta pumpar fr\u00e5n Eqmnt\",\"publisher\":{\"@id\":\"https:\\\/\\\/www.eqmnt.se\\\/no\\\/#organization\"},\"potentialAction\":[{\"@type\":\"SearchAction\",\"target\":{\"@type\":\"EntryPoint\",\"urlTemplate\":\"https:\\\/\\\/www.eqmnt.se\\\/no\\\/?s={search_term_string}\"},\"query-input\":{\"@type\":\"PropertyValueSpecification\",\"valueRequired\":true,\"valueName\":\"search_term_string\"}}],\"inLanguage\":\"nb-NO\"},{\"@type\":\"Organization\",\"@id\":\"https:\\\/\\\/www.eqmnt.se\\\/no\\\/#organization\",\"name\":\"Evess\",\"url\":\"https:\\\/\\\/www.eqmnt.se\\\/no\\\/\",\"logo\":{\"@type\":\"ImageObject\",\"inLanguage\":\"nb-NO\",\"@id\":\"https:\\\/\\\/www.eqmnt.se\\\/no\\\/#\\\/schema\\\/logo\\\/image\\\/\",\"url\":\"https:\\\/\\\/www.eqmnt.se\\\/wp-content\\\/uploads\\\/2023\\\/11\\\/evess-logo-black.png\",\"contentUrl\":\"https:\\\/\\\/www.eqmnt.se\\\/wp-content\\\/uploads\\\/2023\\\/11\\\/evess-logo-black.png\",\"width\":1417,\"height\":312,\"caption\":\"Evess\"},\"image\":{\"@id\":\"https:\\\/\\\/www.eqmnt.se\\\/no\\\/#\\\/schema\\\/logo\\\/image\\\/\"},\"sameAs\":[\"https:\\\/\\\/www.facebook.com\\\/evessmoped\"]}]}<\/script>\n<!-- \/ Yoast SEO plugin. -->","yoast_head_json":{"title":"ABUS Kjedel\u00e5s 140 cm - beste kjedel\u00e5s for mopeden Eqmnt","description":"ABUS CityChain Plus 1010 er den perfekte l\u00e5sen for deg med h\u00f8ye krav til brukervennlighet og sikkerhet. L\u00e5sen er en kjedel\u00e5s.","robots":{"index":"index","follow":"follow","max-snippet":"max-snippet:-1","max-image-preview":"max-image-preview:large","max-video-preview":"max-video-preview:-1"},"canonical":"https:\/\/www.eqmnt.se\/no\/produkt\/tilbehor-elektrisk-moped\/abus-kjedeledd-140-cm\/","og_locale":"nb_NO","og_type":"article","og_title":"ABUS Kjedel\u00e5s 140 cm - beste kjedel\u00e5s for mopeden Eqmnt","og_description":"ABUS CityChain Plus 1010 er den perfekte l\u00e5sen for deg med h\u00f8ye krav til brukervennlighet og sikkerhet. L\u00e5sen er en kjedel\u00e5s.","og_url":"https:\/\/www.eqmnt.se\/no\/produkt\/tilbehor-elektrisk-moped\/abus-kjedeledd-140-cm\/","og_site_name":"Eqmnt","article_publisher":"https:\/\/www.facebook.com\/evessmoped","article_modified_time":"2023-12-10T21:28:05+00:00","og_image":[{"width":600,"height":600,"url":"https:\/\/www.eqmnt.se\/wp-content\/uploads\/2023\/11\/abus-city-chain.webp","type":"image\/webp"}],"twitter_card":"summary_large_image","schema":{"@context":"https:\/\/schema.org","@graph":[{"@type":"WebPage","@id":"https:\/\/www.eqmnt.se\/no\/produkt\/tilbehor-elektrisk-moped\/abus-kjedeledd-140-cm\/","url":"https:\/\/www.eqmnt.se\/no\/produkt\/tilbehor-elektrisk-moped\/abus-kjedeledd-140-cm\/","name":"ABUS Kjedel\u00e5s 140 cm - beste kjedel\u00e5s for mopeden Eqmnt","isPartOf":{"@id":"https:\/\/www.eqmnt.se\/no\/#website"},"primaryImageOfPage":{"@id":"https:\/\/www.eqmnt.se\/no\/produkt\/tilbehor-elektrisk-moped\/abus-kjedeledd-140-cm\/#primaryimage"},"image":{"@id":"https:\/\/www.eqmnt.se\/no\/produkt\/tilbehor-elektrisk-moped\/abus-kjedeledd-140-cm\/#primaryimage"},"thumbnailUrl":"https:\/\/www.eqmnt.se\/wp-content\/uploads\/2023\/11\/abus-city-chain.webp","datePublished":"2023-11-04T21:18:35+00:00","dateModified":"2023-12-10T21:28:05+00:00","description":"ABUS CityChain Plus 1010 er den perfekte l\u00e5sen for deg med h\u00f8ye krav til brukervennlighet og sikkerhet. L\u00e5sen er en kjedel\u00e5s.","breadcrumb":{"@id":"https:\/\/www.eqmnt.se\/no\/produkt\/tilbehor-elektrisk-moped\/abus-kjedeledd-140-cm\/#breadcrumb"},"inLanguage":"nb-NO","potentialAction":[{"@type":"ReadAction","target":["https:\/\/www.eqmnt.se\/no\/produkt\/tilbehor-elektrisk-moped\/abus-kjedeledd-140-cm\/"]}]},{"@type":"ImageObject","inLanguage":"nb-NO","@id":"https:\/\/www.eqmnt.se\/no\/produkt\/tilbehor-elektrisk-moped\/abus-kjedeledd-140-cm\/#primaryimage","url":"https:\/\/www.eqmnt.se\/wp-content\/uploads\/2023\/11\/abus-city-chain.webp","contentUrl":"https:\/\/www.eqmnt.se\/wp-content\/uploads\/2023\/11\/abus-city-chain.webp","width":600,"height":600,"caption":"Abus bykjedel\u00e5s"},{"@type":"BreadcrumbList","@id":"https:\/\/www.eqmnt.se\/no\/produkt\/tilbehor-elektrisk-moped\/abus-kjedeledd-140-cm\/#breadcrumb","itemListElement":[{"@type":"ListItem","position":1,"name":"Hem","item":"https:\/\/www.eqmnt.se\/no\/hjem\/"},{"@type":"ListItem","position":2,"name":"Butik","item":"https:\/\/www.eqmnt.se\/butik\/"},{"@type":"ListItem","position":3,"name":"ABUS Kjedel\u00e5s 140 cm"}]},{"@type":"WebSite","@id":"https:\/\/www.eqmnt.se\/no\/#website","url":"https:\/\/www.eqmnt.se\/no\/","name":"Evess","description":"Smarta pumpar fr\u00e5n Eqmnt","publisher":{"@id":"https:\/\/www.eqmnt.se\/no\/#organization"},"potentialAction":[{"@type":"SearchAction","target":{"@type":"EntryPoint","urlTemplate":"https:\/\/www.eqmnt.se\/no\/?s={search_term_string}"},"query-input":{"@type":"PropertyValueSpecification","valueRequired":true,"valueName":"search_term_string"}}],"inLanguage":"nb-NO"},{"@type":"Organization","@id":"https:\/\/www.eqmnt.se\/no\/#organization","name":"Evess","url":"https:\/\/www.eqmnt.se\/no\/","logo":{"@type":"ImageObject","inLanguage":"nb-NO","@id":"https:\/\/www.eqmnt.se\/no\/#\/schema\/logo\/image\/","url":"https:\/\/www.eqmnt.se\/wp-content\/uploads\/2023\/11\/evess-logo-black.png","contentUrl":"https:\/\/www.eqmnt.se\/wp-content\/uploads\/2023\/11\/evess-logo-black.png","width":1417,"height":312,"caption":"Evess"},"image":{"@id":"https:\/\/www.eqmnt.se\/no\/#\/schema\/logo\/image\/"},"sameAs":["https:\/\/www.facebook.com\/evessmoped"]}]}},"_links":{"self":[{"href":"https:\/\/www.eqmnt.se\/no\/wp-json\/wp\/v2\/product\/713","targetHints":{"allow":["GET"]}}],"collection":[{"href":"https:\/\/www.eqmnt.se\/no\/wp-json\/wp\/v2\/product"}],"about":[{"href":"https:\/\/www.eqmnt.se\/no\/wp-json\/wp\/v2\/types\/product"}],"replies":[{"embeddable":true,"href":"https:\/\/www.eqmnt.se\/no\/wp-json\/wp\/v2\/comments?post=713"}],"wp:featuredmedia":[{"embeddable":true,"href":"https:\/\/www.eqmnt.se\/no\/wp-json\/wp\/v2\/media\/1006"}],"wp:attachment":[{"href":"https:\/\/www.eqmnt.se\/no\/wp-json\/wp\/v2\/media?parent=713"}],"wp:term":[{"taxonomy":"product_brand","embeddable":true,"href":"https:\/\/www.eqmnt.se\/no\/wp-json\/wp\/v2\/product_brand?post=713"},{"taxonomy":"product_cat","embeddable":true,"href":"https:\/\/www.eqmnt.se\/no\/wp-json\/wp\/v2\/product_cat?post=713"},{"taxonomy":"product_tag","embeddable":true,"href":"https:\/\/www.eqmnt.se\/no\/wp-json\/wp\/v2\/product_tag?post=713"}],"curies":[{"name":"wp","href":"https:\/\/api.w.org\/{rel}","templated":true}]}}