{"id":708,"date":"2023-11-04T21:18:34","date_gmt":"2023-11-04T21:18:34","guid":{"rendered":"https:\/\/www.evess.se\/produkt\/mopeddeksel\/"},"modified":"2024-05-12T20:15:07","modified_gmt":"2024-05-12T20:15:07","slug":"mopeddeksel","status":"publish","type":"product","link":"https:\/\/www.eqmnt.se\/no\/produkt\/tilbehor-elektrisk-moped\/mopeddeksel\/","title":{"rendered":"Mopeddeksel"},"content":{"rendered":"<h2>Beskytt din el-moped<\/h2>\n<p>For de av oss som eier og elsker mopedene v\u00e5re, vet vi at de ikke bare er et transportmiddel \u2013 de er en investering. Derfor er det viktig at vi tar best vare p\u00e5 dem for \u00e5 sikre at de varer lenge og fortsetter \u00e5 prestere p\u00e5 topp. En enkel, men effektiv m\u00e5te \u00e5 gj\u00f8re dette p\u00e5 er \u00e5 beskytte mopeden din mot v\u00e6r, vind og skitt med et mopedtrekk. Spesielt hvis du ofte parkerer mopeden ute, s\u00e5 blir dekselet en uunnv\u00e6rlig del av mopedpleien din.<\/p>\n<p>&nbsp;<\/p>\n<h3>Brukervennlighet<\/h3>\n<p>Mopeddekselet v\u00e5rt er designet med tanke p\u00e5 enkelhet og effektivitet. Den dekker hele mopeden, noe som sikrer fullstendig beskyttelse mot v\u00e6r, vind og skitt. Trekket er laget av v\u00e6rbestandige materialer av h\u00f8y kvalitet som t\u00e5ler b\u00e5de regn og solskinn, samtidig som mopeden f\u00e5r puste for \u00e5 unng\u00e5 kondens. Den er enkel \u00e5 montere og demontere og kan enkelt oppbevares n\u00e5r den ikke er i bruk. Ved \u00e5 investere i et mopedtrekk kan du forlenge levetiden til din el-moped betraktelig og s\u00f8rge for at den alltid er ren og klar for din neste tur.<\/p>\n<p>&nbsp;<\/p>\n<h3>Kj\u00f8p mopedtrekk<\/h3>\n<p>\u00c5 bruke mopedtrekk er mer enn bare en praktisk l\u00f8sning for \u00e5 holde el-moped din ren og t\u00f8rr. Det er en investering som beskytter kj\u00f8ret\u00f8yet ditt mot p\u00e5virkninger av v\u00e6ret og kan dermed forlenge levetiden. Mopeddekselet bidrar ikke bare til \u00e5 redusere hyppig rengj\u00f8ring og vedlikehold, det gir ogs\u00e5 ekstra beskyttelse mot tyveri ved \u00e5 skjule kj\u00f8ret\u00f8yet for nysgjerrige \u00f8yne. Og ikke minst bidrar det til \u00e5 bevare mopedens estetiske appell over tid. Kort fortalt er mopedtrekket et essensielt tilbeh\u00f8r for alle mopedeiere. Beskytt din el-moped i dag &#8211; invester i et mopeddeksel for \u00e5 sikre at kj\u00f8ret\u00f8yet ditt holder seg i best mulig stand s\u00e5 lenge som mulig.<\/p>\n","protected":false},"excerpt":{"rendered":"<p>Mopeddeksel til el-mopeden.<\/p>\n","protected":false},"featured_media":13927,"comment_status":"closed","ping_status":"closed","template":"","meta":{"_acf_changed":false},"product_brand":[],"product_cat":[36],"product_tag":[],"class_list":{"0":"post-708","1":"product","2":"type-product","3":"status-publish","4":"has-post-thumbnail","6":"product_cat-tilbehor-elektrisk-moped","8":"first","9":"instock","10":"taxable","11":"shipping-taxable","12":"purchasable","13":"product-type-simple"},"acf":[],"yoast_head":"<!-- This site is optimized with the Yoast SEO plugin v27.5 - https:\/\/yoast.com\/product\/yoast-seo-wordpress\/ -->\n<title>Kj\u00f8p Mopeddeksel - Ideell beskyttelse for din elektriske moped - Evess<\/title>\n<meta name=\"description\" content=\"S\u00f8rg for lang levetid p\u00e5 din elektriske moped med v\u00e5rt mopeddeksel av h\u00f8y kvalitet. Beskytt moppen din mot v\u00e6r og vind og forleng levetiden.\" \/>\n<meta name=\"robots\" content=\"index, follow, max-snippet:-1, max-image-preview:large, max-video-preview:-1\" \/>\n<link rel=\"canonical\" href=\"https:\/\/www.eqmnt.se\/no\/produkt\/tilbehor-elektrisk-moped\/mopeddeksel\/\" \/>\n<meta property=\"og:locale\" content=\"nb_NO\" \/>\n<meta property=\"og:type\" content=\"article\" \/>\n<meta property=\"og:title\" content=\"Kj\u00f8p Mopeddeksel - Ideell beskyttelse for din elektriske moped - Evess\" \/>\n<meta property=\"og:description\" content=\"S\u00f8rg for lang levetid p\u00e5 din elektriske moped med v\u00e5rt mopeddeksel av h\u00f8y kvalitet. Beskytt moppen din mot v\u00e6r og vind og forleng levetiden.\" \/>\n<meta property=\"og:url\" content=\"https:\/\/www.eqmnt.se\/no\/produkt\/tilbehor-elektrisk-moped\/mopeddeksel\/\" \/>\n<meta property=\"og:site_name\" content=\"Eqmnt\" \/>\n<meta property=\"article:publisher\" content=\"https:\/\/www.facebook.com\/evessmoped\" \/>\n<meta property=\"article:modified_time\" content=\"2024-05-12T20:15:07+00:00\" \/>\n<meta property=\"og:image\" content=\"https:\/\/www.eqmnt.se\/wp-content\/uploads\/2023\/11\/moped-overdrag.jpg\" \/>\n\t<meta property=\"og:image:width\" content=\"1200\" \/>\n\t<meta property=\"og:image:height\" content=\"1200\" \/>\n\t<meta property=\"og:image:type\" content=\"image\/jpeg\" \/>\n<meta name=\"twitter:card\" content=\"summary_large_image\" \/>\n<meta name=\"twitter:label1\" content=\"Ansl. lesetid\" \/>\n\t<meta name=\"twitter:data1\" content=\"2 minutter\" \/>\n<script type=\"application\/ld+json\" class=\"yoast-schema-graph\">{\"@context\":\"https:\\\/\\\/schema.org\",\"@graph\":[{\"@type\":\"WebPage\",\"@id\":\"https:\\\/\\\/www.eqmnt.se\\\/no\\\/produkt\\\/tilbehor-elektrisk-moped\\\/mopeddeksel\\\/\",\"url\":\"https:\\\/\\\/www.eqmnt.se\\\/no\\\/produkt\\\/tilbehor-elektrisk-moped\\\/mopeddeksel\\\/\",\"name\":\"Kj\u00f8p Mopeddeksel - Ideell beskyttelse for din elektriske moped - Evess\",\"isPartOf\":{\"@id\":\"https:\\\/\\\/www.eqmnt.se\\\/no\\\/#website\"},\"primaryImageOfPage\":{\"@id\":\"https:\\\/\\\/www.eqmnt.se\\\/no\\\/produkt\\\/tilbehor-elektrisk-moped\\\/mopeddeksel\\\/#primaryimage\"},\"image\":{\"@id\":\"https:\\\/\\\/www.eqmnt.se\\\/no\\\/produkt\\\/tilbehor-elektrisk-moped\\\/mopeddeksel\\\/#primaryimage\"},\"thumbnailUrl\":\"https:\\\/\\\/www.eqmnt.se\\\/wp-content\\\/uploads\\\/2023\\\/11\\\/moped-overdrag.jpg\",\"datePublished\":\"2023-11-04T21:18:34+00:00\",\"dateModified\":\"2024-05-12T20:15:07+00:00\",\"description\":\"S\u00f8rg for lang levetid p\u00e5 din elektriske moped med v\u00e5rt mopeddeksel av h\u00f8y kvalitet. Beskytt moppen din mot v\u00e6r og vind og forleng levetiden.\",\"breadcrumb\":{\"@id\":\"https:\\\/\\\/www.eqmnt.se\\\/no\\\/produkt\\\/tilbehor-elektrisk-moped\\\/mopeddeksel\\\/#breadcrumb\"},\"inLanguage\":\"nb-NO\",\"potentialAction\":[{\"@type\":\"ReadAction\",\"target\":[\"https:\\\/\\\/www.eqmnt.se\\\/no\\\/produkt\\\/tilbehor-elektrisk-moped\\\/mopeddeksel\\\/\"]}]},{\"@type\":\"ImageObject\",\"inLanguage\":\"nb-NO\",\"@id\":\"https:\\\/\\\/www.eqmnt.se\\\/no\\\/produkt\\\/tilbehor-elektrisk-moped\\\/mopeddeksel\\\/#primaryimage\",\"url\":\"https:\\\/\\\/www.eqmnt.se\\\/wp-content\\\/uploads\\\/2023\\\/11\\\/moped-overdrag.jpg\",\"contentUrl\":\"https:\\\/\\\/www.eqmnt.se\\\/wp-content\\\/uploads\\\/2023\\\/11\\\/moped-overdrag.jpg\",\"width\":1200,\"height\":1200},{\"@type\":\"BreadcrumbList\",\"@id\":\"https:\\\/\\\/www.eqmnt.se\\\/no\\\/produkt\\\/tilbehor-elektrisk-moped\\\/mopeddeksel\\\/#breadcrumb\",\"itemListElement\":[{\"@type\":\"ListItem\",\"position\":1,\"name\":\"Hem\",\"item\":\"https:\\\/\\\/www.eqmnt.se\\\/no\\\/hjem\\\/\"},{\"@type\":\"ListItem\",\"position\":2,\"name\":\"Butik\",\"item\":\"https:\\\/\\\/www.eqmnt.se\\\/butik\\\/\"},{\"@type\":\"ListItem\",\"position\":3,\"name\":\"Mopeddeksel\"}]},{\"@type\":\"WebSite\",\"@id\":\"https:\\\/\\\/www.eqmnt.se\\\/no\\\/#website\",\"url\":\"https:\\\/\\\/www.eqmnt.se\\\/no\\\/\",\"name\":\"Evess\",\"description\":\"Smarta pumpar fr\u00e5n Eqmnt\",\"publisher\":{\"@id\":\"https:\\\/\\\/www.eqmnt.se\\\/no\\\/#organization\"},\"potentialAction\":[{\"@type\":\"SearchAction\",\"target\":{\"@type\":\"EntryPoint\",\"urlTemplate\":\"https:\\\/\\\/www.eqmnt.se\\\/no\\\/?s={search_term_string}\"},\"query-input\":{\"@type\":\"PropertyValueSpecification\",\"valueRequired\":true,\"valueName\":\"search_term_string\"}}],\"inLanguage\":\"nb-NO\"},{\"@type\":\"Organization\",\"@id\":\"https:\\\/\\\/www.eqmnt.se\\\/no\\\/#organization\",\"name\":\"Evess\",\"url\":\"https:\\\/\\\/www.eqmnt.se\\\/no\\\/\",\"logo\":{\"@type\":\"ImageObject\",\"inLanguage\":\"nb-NO\",\"@id\":\"https:\\\/\\\/www.eqmnt.se\\\/no\\\/#\\\/schema\\\/logo\\\/image\\\/\",\"url\":\"https:\\\/\\\/www.eqmnt.se\\\/wp-content\\\/uploads\\\/2023\\\/11\\\/evess-logo-black.png\",\"contentUrl\":\"https:\\\/\\\/www.eqmnt.se\\\/wp-content\\\/uploads\\\/2023\\\/11\\\/evess-logo-black.png\",\"width\":1417,\"height\":312,\"caption\":\"Evess\"},\"image\":{\"@id\":\"https:\\\/\\\/www.eqmnt.se\\\/no\\\/#\\\/schema\\\/logo\\\/image\\\/\"},\"sameAs\":[\"https:\\\/\\\/www.facebook.com\\\/evessmoped\"]}]}<\/script>\n<!-- \/ Yoast SEO plugin. -->","yoast_head_json":{"title":"Kj\u00f8p Mopeddeksel - Ideell beskyttelse for din elektriske moped - Evess","description":"S\u00f8rg for lang levetid p\u00e5 din elektriske moped med v\u00e5rt mopeddeksel av h\u00f8y kvalitet. Beskytt moppen din mot v\u00e6r og vind og forleng levetiden.","robots":{"index":"index","follow":"follow","max-snippet":"max-snippet:-1","max-image-preview":"max-image-preview:large","max-video-preview":"max-video-preview:-1"},"canonical":"https:\/\/www.eqmnt.se\/no\/produkt\/tilbehor-elektrisk-moped\/mopeddeksel\/","og_locale":"nb_NO","og_type":"article","og_title":"Kj\u00f8p Mopeddeksel - Ideell beskyttelse for din elektriske moped - Evess","og_description":"S\u00f8rg for lang levetid p\u00e5 din elektriske moped med v\u00e5rt mopeddeksel av h\u00f8y kvalitet. Beskytt moppen din mot v\u00e6r og vind og forleng levetiden.","og_url":"https:\/\/www.eqmnt.se\/no\/produkt\/tilbehor-elektrisk-moped\/mopeddeksel\/","og_site_name":"Eqmnt","article_publisher":"https:\/\/www.facebook.com\/evessmoped","article_modified_time":"2024-05-12T20:15:07+00:00","og_image":[{"width":1200,"height":1200,"url":"https:\/\/www.eqmnt.se\/wp-content\/uploads\/2023\/11\/moped-overdrag.jpg","type":"image\/jpeg"}],"twitter_card":"summary_large_image","twitter_misc":{"Ansl. lesetid":"2 minutter"},"schema":{"@context":"https:\/\/schema.org","@graph":[{"@type":"WebPage","@id":"https:\/\/www.eqmnt.se\/no\/produkt\/tilbehor-elektrisk-moped\/mopeddeksel\/","url":"https:\/\/www.eqmnt.se\/no\/produkt\/tilbehor-elektrisk-moped\/mopeddeksel\/","name":"Kj\u00f8p Mopeddeksel - Ideell beskyttelse for din elektriske moped - Evess","isPartOf":{"@id":"https:\/\/www.eqmnt.se\/no\/#website"},"primaryImageOfPage":{"@id":"https:\/\/www.eqmnt.se\/no\/produkt\/tilbehor-elektrisk-moped\/mopeddeksel\/#primaryimage"},"image":{"@id":"https:\/\/www.eqmnt.se\/no\/produkt\/tilbehor-elektrisk-moped\/mopeddeksel\/#primaryimage"},"thumbnailUrl":"https:\/\/www.eqmnt.se\/wp-content\/uploads\/2023\/11\/moped-overdrag.jpg","datePublished":"2023-11-04T21:18:34+00:00","dateModified":"2024-05-12T20:15:07+00:00","description":"S\u00f8rg for lang levetid p\u00e5 din elektriske moped med v\u00e5rt mopeddeksel av h\u00f8y kvalitet. Beskytt moppen din mot v\u00e6r og vind og forleng levetiden.","breadcrumb":{"@id":"https:\/\/www.eqmnt.se\/no\/produkt\/tilbehor-elektrisk-moped\/mopeddeksel\/#breadcrumb"},"inLanguage":"nb-NO","potentialAction":[{"@type":"ReadAction","target":["https:\/\/www.eqmnt.se\/no\/produkt\/tilbehor-elektrisk-moped\/mopeddeksel\/"]}]},{"@type":"ImageObject","inLanguage":"nb-NO","@id":"https:\/\/www.eqmnt.se\/no\/produkt\/tilbehor-elektrisk-moped\/mopeddeksel\/#primaryimage","url":"https:\/\/www.eqmnt.se\/wp-content\/uploads\/2023\/11\/moped-overdrag.jpg","contentUrl":"https:\/\/www.eqmnt.se\/wp-content\/uploads\/2023\/11\/moped-overdrag.jpg","width":1200,"height":1200},{"@type":"BreadcrumbList","@id":"https:\/\/www.eqmnt.se\/no\/produkt\/tilbehor-elektrisk-moped\/mopeddeksel\/#breadcrumb","itemListElement":[{"@type":"ListItem","position":1,"name":"Hem","item":"https:\/\/www.eqmnt.se\/no\/hjem\/"},{"@type":"ListItem","position":2,"name":"Butik","item":"https:\/\/www.eqmnt.se\/butik\/"},{"@type":"ListItem","position":3,"name":"Mopeddeksel"}]},{"@type":"WebSite","@id":"https:\/\/www.eqmnt.se\/no\/#website","url":"https:\/\/www.eqmnt.se\/no\/","name":"Evess","description":"Smarta pumpar fr\u00e5n Eqmnt","publisher":{"@id":"https:\/\/www.eqmnt.se\/no\/#organization"},"potentialAction":[{"@type":"SearchAction","target":{"@type":"EntryPoint","urlTemplate":"https:\/\/www.eqmnt.se\/no\/?s={search_term_string}"},"query-input":{"@type":"PropertyValueSpecification","valueRequired":true,"valueName":"search_term_string"}}],"inLanguage":"nb-NO"},{"@type":"Organization","@id":"https:\/\/www.eqmnt.se\/no\/#organization","name":"Evess","url":"https:\/\/www.eqmnt.se\/no\/","logo":{"@type":"ImageObject","inLanguage":"nb-NO","@id":"https:\/\/www.eqmnt.se\/no\/#\/schema\/logo\/image\/","url":"https:\/\/www.eqmnt.se\/wp-content\/uploads\/2023\/11\/evess-logo-black.png","contentUrl":"https:\/\/www.eqmnt.se\/wp-content\/uploads\/2023\/11\/evess-logo-black.png","width":1417,"height":312,"caption":"Evess"},"image":{"@id":"https:\/\/www.eqmnt.se\/no\/#\/schema\/logo\/image\/"},"sameAs":["https:\/\/www.facebook.com\/evessmoped"]}]}},"_links":{"self":[{"href":"https:\/\/www.eqmnt.se\/no\/wp-json\/wp\/v2\/product\/708","targetHints":{"allow":["GET"]}}],"collection":[{"href":"https:\/\/www.eqmnt.se\/no\/wp-json\/wp\/v2\/product"}],"about":[{"href":"https:\/\/www.eqmnt.se\/no\/wp-json\/wp\/v2\/types\/product"}],"replies":[{"embeddable":true,"href":"https:\/\/www.eqmnt.se\/no\/wp-json\/wp\/v2\/comments?post=708"}],"wp:featuredmedia":[{"embeddable":true,"href":"https:\/\/www.eqmnt.se\/no\/wp-json\/wp\/v2\/media\/13927"}],"wp:attachment":[{"href":"https:\/\/www.eqmnt.se\/no\/wp-json\/wp\/v2\/media?parent=708"}],"wp:term":[{"taxonomy":"product_brand","embeddable":true,"href":"https:\/\/www.eqmnt.se\/no\/wp-json\/wp\/v2\/product_brand?post=708"},{"taxonomy":"product_cat","embeddable":true,"href":"https:\/\/www.eqmnt.se\/no\/wp-json\/wp\/v2\/product_cat?post=708"},{"taxonomy":"product_tag","embeddable":true,"href":"https:\/\/www.eqmnt.se\/no\/wp-json\/wp\/v2\/product_tag?post=708"}],"curies":[{"name":"wp","href":"https:\/\/api.w.org\/{rel}","templated":true}]}}