{"id":697,"date":"2023-11-04T21:18:34","date_gmt":"2023-11-04T21:18:34","guid":{"rendered":"https:\/\/www.evess.se\/produkt\/hjelm-italia\/"},"modified":"2023-12-14T13:44:50","modified_gmt":"2023-12-14T13:44:50","slug":"hjelm-italia","status":"publish","type":"product","link":"https:\/\/www.eqmnt.se\/no\/produkt\/tilbehor-elektrisk-moped\/hjelm-italia\/","title":{"rendered":"Hjelm Italia"},"content":{"rendered":"&#13;\n<p style=\"text-align: left;\"><span style=\"color: #000000;\">Den klassiske italienske mopedhjelmen. Klassifisert til de h\u00f8yeste ECE sikkerhetskravene, noe som gj\u00f8r den godkjent for alle elektriske mopeder, mopeder og motorsykler. Hjelmen fra Redbike er kjent for sin tyske kvalitet og overg\u00e5r alltid forventningene n\u00e5r det gjelder kvalitet og komfort. Hjelmen kommer ogs\u00e5 med samme sorte solbeskyttelse som p\u00e5 de andre modellene. F\u00f4ret inne i hjelmen er laget av tekstil og tilpasser seg alltid st\u00f8rrelsen p\u00e5 hodet &#8211; s\u00e5 lenge st\u00f8rrelsen p\u00e5 hjelmen er riktig. For \u00e5 vite hvilken st\u00f8rrelse hjelm som passer deg, kan du m\u00e5le omkretsen av hodet i cm og se tabellen nedenfor!<\/span><\/p>&#13;\n<p>\u00a0<\/p>&#13;\n<table class=\" aligncenter\" style=\"height: 138px;\" width=\"587\">&#13;\n<tbody>&#13;\n<tr>&#13;\n<td width=\"56\">&#13;\n<h6><span style=\"color: #000000;\"><strong>53\/54<\/strong><\/span><\/h6>&#13;\n<\/td>&#13;\n<td width=\"57\">&#13;\n<h6><span style=\"color: #000000;\"><strong>55\/56<\/strong><\/span><\/h6>&#13;\n<\/td>&#13;\n<td width=\"57\">&#13;\n<h6><span style=\"color: #000000;\"><strong>57\/58<\/strong><\/span><\/h6>&#13;\n<\/td>&#13;\n<td width=\"57\">&#13;\n<h6><span style=\"color: #000000;\"><strong>59\/60<\/strong><\/span><\/h6>&#13;\n<\/td>&#13;\n<td width=\"57\">&#13;\n<h6><span style=\"color: #000000;\"><strong>61\/62<\/strong><\/span><\/h6>&#13;\n<\/td>&#13;\n<\/tr>&#13;\n<tr>&#13;\n<td width=\"56\">&#13;\n<h6><span style=\"color: #000000;\"><strong>\u00a0 XS<\/strong><\/span><\/h6>&#13;\n<\/td>&#13;\n<td width=\"57\">&#13;\n<h6><span style=\"color: #000000;\"><strong>\u00a0\u00a0 S<\/strong><\/span><\/h6>&#13;\n<\/td>&#13;\n<td width=\"57\">&#13;\n<h6><span style=\"color: #000000;\"><strong>\u00a0\u00a0 M<\/strong><\/span><\/h6>&#13;\n<\/td>&#13;\n<td width=\"57\">&#13;\n<h6><span style=\"color: #000000;\"><strong>\u00a0\u00a0\u00a0 L<\/strong><\/span><\/h6>&#13;\n<\/td>&#13;\n<td width=\"57\">&#13;\n<h6><span style=\"color: #000000;\">\u00a0\u00a0 <strong>XL<\/strong><\/span><\/h6>&#13;\n<\/td>&#13;\n<\/tr>&#13;\n<\/tbody>&#13;\n<\/table>&#13;\n<h3>Specifikationer:<\/h3>&#13;\n","protected":false},"excerpt":{"rendered":"<p>Hjelm Italia &#8211; en av markedets beste hjelmer for elektriske scootere!<\/p>\n","protected":false},"featured_media":489,"comment_status":"closed","ping_status":"closed","template":"","meta":{"_acf_changed":false},"product_brand":[],"product_cat":[36],"product_tag":[],"class_list":{"0":"post-697","1":"product","2":"type-product","3":"status-publish","4":"has-post-thumbnail","6":"product_cat-tilbehor-elektrisk-moped","8":"first","9":"instock","10":"taxable","11":"shipping-taxable","12":"purchasable","13":"product-type-variable","14":"has-default-attributes"},"acf":[],"yoast_head":"<!-- This site is optimized with the Yoast SEO plugin v27.5 - https:\/\/yoast.com\/product\/yoast-seo-wordpress\/ -->\n<title>Kj\u00f8p en klassisk kvalitetshjelm til mopeden din | Evess<\/title>\n<meta name=\"description\" content=\"Klassisk mopedhjelm i italiensk design - vurdert for moped og motorsykkel. Kvalitetshjelm laget av det robuste materialet ABS.\" \/>\n<meta name=\"robots\" content=\"index, follow, max-snippet:-1, max-image-preview:large, max-video-preview:-1\" \/>\n<link rel=\"canonical\" href=\"https:\/\/www.eqmnt.se\/no\/produkt\/tilbehor-elektrisk-moped\/hjelm-italia\/\" \/>\n<meta property=\"og:locale\" content=\"nb_NO\" \/>\n<meta property=\"og:type\" content=\"article\" \/>\n<meta property=\"og:title\" content=\"Kj\u00f8p en klassisk kvalitetshjelm til mopeden din | Evess\" \/>\n<meta property=\"og:description\" content=\"Klassisk mopedhjelm i italiensk design - vurdert for moped og motorsykkel. Kvalitetshjelm laget av det robuste materialet ABS.\" \/>\n<meta property=\"og:url\" content=\"https:\/\/www.eqmnt.se\/no\/produkt\/tilbehor-elektrisk-moped\/hjelm-italia\/\" \/>\n<meta property=\"og:site_name\" content=\"Eqmnt\" \/>\n<meta property=\"article:publisher\" content=\"https:\/\/www.facebook.com\/evessmoped\" \/>\n<meta property=\"article:modified_time\" content=\"2023-12-14T13:44:50+00:00\" \/>\n<meta property=\"og:image\" content=\"https:\/\/www.eqmnt.se\/wp-content\/uploads\/2023\/11\/hjalm_italia-1.jpg\" \/>\n\t<meta property=\"og:image:width\" content=\"1280\" \/>\n\t<meta property=\"og:image:height\" content=\"1280\" \/>\n\t<meta property=\"og:image:type\" content=\"image\/jpeg\" \/>\n<meta name=\"twitter:card\" content=\"summary_large_image\" \/>\n<meta name=\"twitter:label1\" content=\"Ansl. lesetid\" \/>\n\t<meta name=\"twitter:data1\" content=\"1 minutt\" \/>\n<script type=\"application\/ld+json\" class=\"yoast-schema-graph\">{\"@context\":\"https:\\\/\\\/schema.org\",\"@graph\":[{\"@type\":\"WebPage\",\"@id\":\"https:\\\/\\\/www.eqmnt.se\\\/no\\\/produkt\\\/tilbehor-elektrisk-moped\\\/hjelm-italia\\\/\",\"url\":\"https:\\\/\\\/www.eqmnt.se\\\/no\\\/produkt\\\/tilbehor-elektrisk-moped\\\/hjelm-italia\\\/\",\"name\":\"Kj\u00f8p en klassisk kvalitetshjelm til mopeden din | Evess\",\"isPartOf\":{\"@id\":\"https:\\\/\\\/www.eqmnt.se\\\/no\\\/#website\"},\"primaryImageOfPage\":{\"@id\":\"https:\\\/\\\/www.eqmnt.se\\\/no\\\/produkt\\\/tilbehor-elektrisk-moped\\\/hjelm-italia\\\/#primaryimage\"},\"image\":{\"@id\":\"https:\\\/\\\/www.eqmnt.se\\\/no\\\/produkt\\\/tilbehor-elektrisk-moped\\\/hjelm-italia\\\/#primaryimage\"},\"thumbnailUrl\":\"https:\\\/\\\/www.eqmnt.se\\\/wp-content\\\/uploads\\\/2023\\\/11\\\/hjalm_italia-1.jpg\",\"datePublished\":\"2023-11-04T21:18:34+00:00\",\"dateModified\":\"2023-12-14T13:44:50+00:00\",\"description\":\"Klassisk mopedhjelm i italiensk design - vurdert for moped og motorsykkel. Kvalitetshjelm laget av det robuste materialet ABS.\",\"breadcrumb\":{\"@id\":\"https:\\\/\\\/www.eqmnt.se\\\/no\\\/produkt\\\/tilbehor-elektrisk-moped\\\/hjelm-italia\\\/#breadcrumb\"},\"inLanguage\":\"nb-NO\",\"potentialAction\":[{\"@type\":\"ReadAction\",\"target\":[\"https:\\\/\\\/www.eqmnt.se\\\/no\\\/produkt\\\/tilbehor-elektrisk-moped\\\/hjelm-italia\\\/\"]}]},{\"@type\":\"ImageObject\",\"inLanguage\":\"nb-NO\",\"@id\":\"https:\\\/\\\/www.eqmnt.se\\\/no\\\/produkt\\\/tilbehor-elektrisk-moped\\\/hjelm-italia\\\/#primaryimage\",\"url\":\"https:\\\/\\\/www.eqmnt.se\\\/wp-content\\\/uploads\\\/2023\\\/11\\\/hjalm_italia-1.jpg\",\"contentUrl\":\"https:\\\/\\\/www.eqmnt.se\\\/wp-content\\\/uploads\\\/2023\\\/11\\\/hjalm_italia-1.jpg\",\"width\":1280,\"height\":1280},{\"@type\":\"BreadcrumbList\",\"@id\":\"https:\\\/\\\/www.eqmnt.se\\\/no\\\/produkt\\\/tilbehor-elektrisk-moped\\\/hjelm-italia\\\/#breadcrumb\",\"itemListElement\":[{\"@type\":\"ListItem\",\"position\":1,\"name\":\"Hem\",\"item\":\"https:\\\/\\\/www.eqmnt.se\\\/no\\\/hjem\\\/\"},{\"@type\":\"ListItem\",\"position\":2,\"name\":\"Butik\",\"item\":\"https:\\\/\\\/www.eqmnt.se\\\/butik\\\/\"},{\"@type\":\"ListItem\",\"position\":3,\"name\":\"Hjelm Italia\"}]},{\"@type\":\"WebSite\",\"@id\":\"https:\\\/\\\/www.eqmnt.se\\\/no\\\/#website\",\"url\":\"https:\\\/\\\/www.eqmnt.se\\\/no\\\/\",\"name\":\"Evess\",\"description\":\"Smarta pumpar fr\u00e5n Eqmnt\",\"publisher\":{\"@id\":\"https:\\\/\\\/www.eqmnt.se\\\/no\\\/#organization\"},\"potentialAction\":[{\"@type\":\"SearchAction\",\"target\":{\"@type\":\"EntryPoint\",\"urlTemplate\":\"https:\\\/\\\/www.eqmnt.se\\\/no\\\/?s={search_term_string}\"},\"query-input\":{\"@type\":\"PropertyValueSpecification\",\"valueRequired\":true,\"valueName\":\"search_term_string\"}}],\"inLanguage\":\"nb-NO\"},{\"@type\":\"Organization\",\"@id\":\"https:\\\/\\\/www.eqmnt.se\\\/no\\\/#organization\",\"name\":\"Evess\",\"url\":\"https:\\\/\\\/www.eqmnt.se\\\/no\\\/\",\"logo\":{\"@type\":\"ImageObject\",\"inLanguage\":\"nb-NO\",\"@id\":\"https:\\\/\\\/www.eqmnt.se\\\/no\\\/#\\\/schema\\\/logo\\\/image\\\/\",\"url\":\"https:\\\/\\\/www.eqmnt.se\\\/wp-content\\\/uploads\\\/2023\\\/11\\\/evess-logo-black.png\",\"contentUrl\":\"https:\\\/\\\/www.eqmnt.se\\\/wp-content\\\/uploads\\\/2023\\\/11\\\/evess-logo-black.png\",\"width\":1417,\"height\":312,\"caption\":\"Evess\"},\"image\":{\"@id\":\"https:\\\/\\\/www.eqmnt.se\\\/no\\\/#\\\/schema\\\/logo\\\/image\\\/\"},\"sameAs\":[\"https:\\\/\\\/www.facebook.com\\\/evessmoped\"]}]}<\/script>\n<!-- \/ Yoast SEO plugin. -->","yoast_head_json":{"title":"Kj\u00f8p en klassisk kvalitetshjelm til mopeden din | Evess","description":"Klassisk mopedhjelm i italiensk design - vurdert for moped og motorsykkel. Kvalitetshjelm laget av det robuste materialet ABS.","robots":{"index":"index","follow":"follow","max-snippet":"max-snippet:-1","max-image-preview":"max-image-preview:large","max-video-preview":"max-video-preview:-1"},"canonical":"https:\/\/www.eqmnt.se\/no\/produkt\/tilbehor-elektrisk-moped\/hjelm-italia\/","og_locale":"nb_NO","og_type":"article","og_title":"Kj\u00f8p en klassisk kvalitetshjelm til mopeden din | Evess","og_description":"Klassisk mopedhjelm i italiensk design - vurdert for moped og motorsykkel. Kvalitetshjelm laget av det robuste materialet ABS.","og_url":"https:\/\/www.eqmnt.se\/no\/produkt\/tilbehor-elektrisk-moped\/hjelm-italia\/","og_site_name":"Eqmnt","article_publisher":"https:\/\/www.facebook.com\/evessmoped","article_modified_time":"2023-12-14T13:44:50+00:00","og_image":[{"width":1280,"height":1280,"url":"https:\/\/www.eqmnt.se\/wp-content\/uploads\/2023\/11\/hjalm_italia-1.jpg","type":"image\/jpeg"}],"twitter_card":"summary_large_image","twitter_misc":{"Ansl. lesetid":"1 minutt"},"schema":{"@context":"https:\/\/schema.org","@graph":[{"@type":"WebPage","@id":"https:\/\/www.eqmnt.se\/no\/produkt\/tilbehor-elektrisk-moped\/hjelm-italia\/","url":"https:\/\/www.eqmnt.se\/no\/produkt\/tilbehor-elektrisk-moped\/hjelm-italia\/","name":"Kj\u00f8p en klassisk kvalitetshjelm til mopeden din | Evess","isPartOf":{"@id":"https:\/\/www.eqmnt.se\/no\/#website"},"primaryImageOfPage":{"@id":"https:\/\/www.eqmnt.se\/no\/produkt\/tilbehor-elektrisk-moped\/hjelm-italia\/#primaryimage"},"image":{"@id":"https:\/\/www.eqmnt.se\/no\/produkt\/tilbehor-elektrisk-moped\/hjelm-italia\/#primaryimage"},"thumbnailUrl":"https:\/\/www.eqmnt.se\/wp-content\/uploads\/2023\/11\/hjalm_italia-1.jpg","datePublished":"2023-11-04T21:18:34+00:00","dateModified":"2023-12-14T13:44:50+00:00","description":"Klassisk mopedhjelm i italiensk design - vurdert for moped og motorsykkel. Kvalitetshjelm laget av det robuste materialet ABS.","breadcrumb":{"@id":"https:\/\/www.eqmnt.se\/no\/produkt\/tilbehor-elektrisk-moped\/hjelm-italia\/#breadcrumb"},"inLanguage":"nb-NO","potentialAction":[{"@type":"ReadAction","target":["https:\/\/www.eqmnt.se\/no\/produkt\/tilbehor-elektrisk-moped\/hjelm-italia\/"]}]},{"@type":"ImageObject","inLanguage":"nb-NO","@id":"https:\/\/www.eqmnt.se\/no\/produkt\/tilbehor-elektrisk-moped\/hjelm-italia\/#primaryimage","url":"https:\/\/www.eqmnt.se\/wp-content\/uploads\/2023\/11\/hjalm_italia-1.jpg","contentUrl":"https:\/\/www.eqmnt.se\/wp-content\/uploads\/2023\/11\/hjalm_italia-1.jpg","width":1280,"height":1280},{"@type":"BreadcrumbList","@id":"https:\/\/www.eqmnt.se\/no\/produkt\/tilbehor-elektrisk-moped\/hjelm-italia\/#breadcrumb","itemListElement":[{"@type":"ListItem","position":1,"name":"Hem","item":"https:\/\/www.eqmnt.se\/no\/hjem\/"},{"@type":"ListItem","position":2,"name":"Butik","item":"https:\/\/www.eqmnt.se\/butik\/"},{"@type":"ListItem","position":3,"name":"Hjelm Italia"}]},{"@type":"WebSite","@id":"https:\/\/www.eqmnt.se\/no\/#website","url":"https:\/\/www.eqmnt.se\/no\/","name":"Evess","description":"Smarta pumpar fr\u00e5n Eqmnt","publisher":{"@id":"https:\/\/www.eqmnt.se\/no\/#organization"},"potentialAction":[{"@type":"SearchAction","target":{"@type":"EntryPoint","urlTemplate":"https:\/\/www.eqmnt.se\/no\/?s={search_term_string}"},"query-input":{"@type":"PropertyValueSpecification","valueRequired":true,"valueName":"search_term_string"}}],"inLanguage":"nb-NO"},{"@type":"Organization","@id":"https:\/\/www.eqmnt.se\/no\/#organization","name":"Evess","url":"https:\/\/www.eqmnt.se\/no\/","logo":{"@type":"ImageObject","inLanguage":"nb-NO","@id":"https:\/\/www.eqmnt.se\/no\/#\/schema\/logo\/image\/","url":"https:\/\/www.eqmnt.se\/wp-content\/uploads\/2023\/11\/evess-logo-black.png","contentUrl":"https:\/\/www.eqmnt.se\/wp-content\/uploads\/2023\/11\/evess-logo-black.png","width":1417,"height":312,"caption":"Evess"},"image":{"@id":"https:\/\/www.eqmnt.se\/no\/#\/schema\/logo\/image\/"},"sameAs":["https:\/\/www.facebook.com\/evessmoped"]}]}},"_links":{"self":[{"href":"https:\/\/www.eqmnt.se\/no\/wp-json\/wp\/v2\/product\/697","targetHints":{"allow":["GET"]}}],"collection":[{"href":"https:\/\/www.eqmnt.se\/no\/wp-json\/wp\/v2\/product"}],"about":[{"href":"https:\/\/www.eqmnt.se\/no\/wp-json\/wp\/v2\/types\/product"}],"replies":[{"embeddable":true,"href":"https:\/\/www.eqmnt.se\/no\/wp-json\/wp\/v2\/comments?post=697"}],"wp:featuredmedia":[{"embeddable":true,"href":"https:\/\/www.eqmnt.se\/no\/wp-json\/wp\/v2\/media\/489"}],"wp:attachment":[{"href":"https:\/\/www.eqmnt.se\/no\/wp-json\/wp\/v2\/media?parent=697"}],"wp:term":[{"taxonomy":"product_brand","embeddable":true,"href":"https:\/\/www.eqmnt.se\/no\/wp-json\/wp\/v2\/product_brand?post=697"},{"taxonomy":"product_cat","embeddable":true,"href":"https:\/\/www.eqmnt.se\/no\/wp-json\/wp\/v2\/product_cat?post=697"},{"taxonomy":"product_tag","embeddable":true,"href":"https:\/\/www.eqmnt.se\/no\/wp-json\/wp\/v2\/product_tag?post=697"}],"curies":[{"name":"wp","href":"https:\/\/api.w.org\/{rel}","templated":true}]}}