{"id":664,"date":"2023-11-04T21:18:34","date_gmt":"2023-11-04T21:18:34","guid":{"rendered":"https:\/\/www.evess.se\/produkt\/hjelm-klassisk-svart\/"},"modified":"2023-12-10T21:29:05","modified_gmt":"2023-12-10T21:29:05","slug":"hjelm-klassisk-svart","status":"publish","type":"product","link":"https:\/\/www.eqmnt.se\/no\/produkt\/tilbehor-elektrisk-moped\/hjelm-klassisk-svart\/","title":{"rendered":"Hjelm klassisk svart"},"content":{"rendered":"<p>En klassisk hjelm for moped, scooter eller motorsykkel. Hjelm er et must n\u00e5r du kj\u00f8rer moped og motorsykkel, ikke bare ved lov, men ogs\u00e5 for din sikkerhet. Classic black-hjelmen passer perfekt til alle elektriske mopeder i serien. Mopedhjelmen er klassifisert etter de h\u00f8yeste sikkerhetskravene og er godkjent for kj\u00f8ring av mopeder, scootere og motorsykler. Den er laget av materialet ABS (Akrylonitril-Butadien-Styrene-kopolymer). Den har ogs\u00e5 tekstilpolstring p\u00e5 innsiden og er veldig behagelig \u00e5 ha p\u00e5 seg. Den har ogs\u00e5 en justerbar brakett slik at hjelmen sitter ordentlig. Hvis du ikke er sikker p\u00e5 hvilken st\u00f8rrelse som passer deg, kan du m\u00e5le omkretsen p\u00e5 hodet i cm og bruke st\u00f8rrelsestabellen under!<\/p>\n<table>\n<tbody>\n<tr>\n<td><strong>53\/54<\/strong><\/td>\n<td><strong>55\/56<\/strong><\/td>\n<td><strong>57\/58<\/strong><\/td>\n<td><strong>59\/60<\/strong><\/td>\n<td><strong>61\/62<\/strong><\/td>\n<\/tr>\n<tr>\n<td><strong>XS<\/strong><\/td>\n<td><strong>S<\/strong><\/td>\n<td><strong>M<\/strong><\/td>\n<td><strong>L<\/strong><\/td>\n<td><strong>XL<\/strong><\/td>\n<\/tr>\n<\/tbody>\n<\/table>\n","protected":false},"excerpt":{"rendered":"<p>En klassisk mopedhjelm!<\/p>\n","protected":false},"featured_media":1011,"comment_status":"closed","ping_status":"closed","template":"","meta":{"_acf_changed":false},"product_brand":[],"product_cat":[36],"product_tag":[],"class_list":{"0":"post-664","1":"product","2":"type-product","3":"status-publish","4":"has-post-thumbnail","6":"product_cat-tilbehor-elektrisk-moped","8":"first","9":"instock","10":"taxable","11":"shipping-taxable","12":"purchasable","13":"product-type-variable","14":"has-default-attributes"},"acf":[],"yoast_head":"<!-- This site is optimized with the Yoast SEO plugin v27.5 - https:\/\/yoast.com\/product\/yoast-seo-wordpress\/ -->\n<title>Classic-hjelmen i svart er en trygg hjelm for din el-moped Evess<\/title>\n<meta name=\"description\" content=\"Beste mopedhjelm for moped og motorsykkel. En klassisk vintage hjelm i svart, sikkerhetsklassifisert ECE for mopeder, elektriske scootere og motorsykler.\" \/>\n<meta name=\"robots\" content=\"index, follow, max-snippet:-1, max-image-preview:large, max-video-preview:-1\" \/>\n<link rel=\"canonical\" href=\"https:\/\/www.eqmnt.se\/no\/produkt\/tilbehor-elektrisk-moped\/hjelm-klassisk-svart\/\" \/>\n<meta property=\"og:locale\" content=\"nb_NO\" \/>\n<meta property=\"og:type\" content=\"article\" \/>\n<meta property=\"og:title\" content=\"Classic-hjelmen i svart er en trygg hjelm for din el-moped Evess\" \/>\n<meta property=\"og:description\" content=\"Beste mopedhjelm for moped og motorsykkel. En klassisk vintage hjelm i svart, sikkerhetsklassifisert ECE for mopeder, elektriske scootere og motorsykler.\" \/>\n<meta property=\"og:url\" content=\"https:\/\/www.eqmnt.se\/no\/produkt\/tilbehor-elektrisk-moped\/hjelm-klassisk-svart\/\" \/>\n<meta property=\"og:site_name\" content=\"Eqmnt\" \/>\n<meta property=\"article:publisher\" content=\"https:\/\/www.facebook.com\/evessmoped\" \/>\n<meta property=\"article:modified_time\" content=\"2023-12-10T21:29:05+00:00\" \/>\n<meta property=\"og:image\" content=\"https:\/\/www.eqmnt.se\/wp-content\/uploads\/2023\/11\/hjalm_classic_svart-1.webp\" \/>\n\t<meta property=\"og:image:width\" content=\"1200\" \/>\n\t<meta property=\"og:image:height\" content=\"1200\" \/>\n\t<meta property=\"og:image:type\" content=\"image\/webp\" \/>\n<meta name=\"twitter:card\" content=\"summary_large_image\" \/>\n<meta name=\"twitter:label1\" content=\"Ansl. lesetid\" \/>\n\t<meta name=\"twitter:data1\" content=\"1 minutt\" \/>\n<script type=\"application\/ld+json\" class=\"yoast-schema-graph\">{\"@context\":\"https:\\\/\\\/schema.org\",\"@graph\":[{\"@type\":\"WebPage\",\"@id\":\"https:\\\/\\\/www.eqmnt.se\\\/no\\\/produkt\\\/tilbehor-elektrisk-moped\\\/hjelm-klassisk-svart\\\/\",\"url\":\"https:\\\/\\\/www.eqmnt.se\\\/no\\\/produkt\\\/tilbehor-elektrisk-moped\\\/hjelm-klassisk-svart\\\/\",\"name\":\"Classic-hjelmen i svart er en trygg hjelm for din el-moped Evess\",\"isPartOf\":{\"@id\":\"https:\\\/\\\/www.eqmnt.se\\\/no\\\/#website\"},\"primaryImageOfPage\":{\"@id\":\"https:\\\/\\\/www.eqmnt.se\\\/no\\\/produkt\\\/tilbehor-elektrisk-moped\\\/hjelm-klassisk-svart\\\/#primaryimage\"},\"image\":{\"@id\":\"https:\\\/\\\/www.eqmnt.se\\\/no\\\/produkt\\\/tilbehor-elektrisk-moped\\\/hjelm-klassisk-svart\\\/#primaryimage\"},\"thumbnailUrl\":\"https:\\\/\\\/www.eqmnt.se\\\/wp-content\\\/uploads\\\/2023\\\/11\\\/hjalm_classic_svart-1.webp\",\"datePublished\":\"2023-11-04T21:18:34+00:00\",\"dateModified\":\"2023-12-10T21:29:05+00:00\",\"description\":\"Beste mopedhjelm for moped og motorsykkel. En klassisk vintage hjelm i svart, sikkerhetsklassifisert ECE for mopeder, elektriske scootere og motorsykler.\",\"breadcrumb\":{\"@id\":\"https:\\\/\\\/www.eqmnt.se\\\/no\\\/produkt\\\/tilbehor-elektrisk-moped\\\/hjelm-klassisk-svart\\\/#breadcrumb\"},\"inLanguage\":\"nb-NO\",\"potentialAction\":[{\"@type\":\"ReadAction\",\"target\":[\"https:\\\/\\\/www.eqmnt.se\\\/no\\\/produkt\\\/tilbehor-elektrisk-moped\\\/hjelm-klassisk-svart\\\/\"]}]},{\"@type\":\"ImageObject\",\"inLanguage\":\"nb-NO\",\"@id\":\"https:\\\/\\\/www.eqmnt.se\\\/no\\\/produkt\\\/tilbehor-elektrisk-moped\\\/hjelm-klassisk-svart\\\/#primaryimage\",\"url\":\"https:\\\/\\\/www.eqmnt.se\\\/wp-content\\\/uploads\\\/2023\\\/11\\\/hjalm_classic_svart-1.webp\",\"contentUrl\":\"https:\\\/\\\/www.eqmnt.se\\\/wp-content\\\/uploads\\\/2023\\\/11\\\/hjalm_classic_svart-1.webp\",\"width\":1200,\"height\":1200,\"caption\":\"Klassisk sort mopedhjelm\"},{\"@type\":\"BreadcrumbList\",\"@id\":\"https:\\\/\\\/www.eqmnt.se\\\/no\\\/produkt\\\/tilbehor-elektrisk-moped\\\/hjelm-klassisk-svart\\\/#breadcrumb\",\"itemListElement\":[{\"@type\":\"ListItem\",\"position\":1,\"name\":\"Hem\",\"item\":\"https:\\\/\\\/www.eqmnt.se\\\/no\\\/hjem\\\/\"},{\"@type\":\"ListItem\",\"position\":2,\"name\":\"Butik\",\"item\":\"https:\\\/\\\/www.eqmnt.se\\\/butik\\\/\"},{\"@type\":\"ListItem\",\"position\":3,\"name\":\"Hjelm klassisk svart\"}]},{\"@type\":\"WebSite\",\"@id\":\"https:\\\/\\\/www.eqmnt.se\\\/no\\\/#website\",\"url\":\"https:\\\/\\\/www.eqmnt.se\\\/no\\\/\",\"name\":\"Evess\",\"description\":\"Smarta pumpar fr\u00e5n Eqmnt\",\"publisher\":{\"@id\":\"https:\\\/\\\/www.eqmnt.se\\\/no\\\/#organization\"},\"potentialAction\":[{\"@type\":\"SearchAction\",\"target\":{\"@type\":\"EntryPoint\",\"urlTemplate\":\"https:\\\/\\\/www.eqmnt.se\\\/no\\\/?s={search_term_string}\"},\"query-input\":{\"@type\":\"PropertyValueSpecification\",\"valueRequired\":true,\"valueName\":\"search_term_string\"}}],\"inLanguage\":\"nb-NO\"},{\"@type\":\"Organization\",\"@id\":\"https:\\\/\\\/www.eqmnt.se\\\/no\\\/#organization\",\"name\":\"Evess\",\"url\":\"https:\\\/\\\/www.eqmnt.se\\\/no\\\/\",\"logo\":{\"@type\":\"ImageObject\",\"inLanguage\":\"nb-NO\",\"@id\":\"https:\\\/\\\/www.eqmnt.se\\\/no\\\/#\\\/schema\\\/logo\\\/image\\\/\",\"url\":\"https:\\\/\\\/www.eqmnt.se\\\/wp-content\\\/uploads\\\/2023\\\/11\\\/evess-logo-black.png\",\"contentUrl\":\"https:\\\/\\\/www.eqmnt.se\\\/wp-content\\\/uploads\\\/2023\\\/11\\\/evess-logo-black.png\",\"width\":1417,\"height\":312,\"caption\":\"Evess\"},\"image\":{\"@id\":\"https:\\\/\\\/www.eqmnt.se\\\/no\\\/#\\\/schema\\\/logo\\\/image\\\/\"},\"sameAs\":[\"https:\\\/\\\/www.facebook.com\\\/evessmoped\"]}]}<\/script>\n<!-- \/ Yoast SEO plugin. -->","yoast_head_json":{"title":"Classic-hjelmen i svart er en trygg hjelm for din el-moped Evess","description":"Beste mopedhjelm for moped og motorsykkel. En klassisk vintage hjelm i svart, sikkerhetsklassifisert ECE for mopeder, elektriske scootere og motorsykler.","robots":{"index":"index","follow":"follow","max-snippet":"max-snippet:-1","max-image-preview":"max-image-preview:large","max-video-preview":"max-video-preview:-1"},"canonical":"https:\/\/www.eqmnt.se\/no\/produkt\/tilbehor-elektrisk-moped\/hjelm-klassisk-svart\/","og_locale":"nb_NO","og_type":"article","og_title":"Classic-hjelmen i svart er en trygg hjelm for din el-moped Evess","og_description":"Beste mopedhjelm for moped og motorsykkel. En klassisk vintage hjelm i svart, sikkerhetsklassifisert ECE for mopeder, elektriske scootere og motorsykler.","og_url":"https:\/\/www.eqmnt.se\/no\/produkt\/tilbehor-elektrisk-moped\/hjelm-klassisk-svart\/","og_site_name":"Eqmnt","article_publisher":"https:\/\/www.facebook.com\/evessmoped","article_modified_time":"2023-12-10T21:29:05+00:00","og_image":[{"width":1200,"height":1200,"url":"https:\/\/www.eqmnt.se\/wp-content\/uploads\/2023\/11\/hjalm_classic_svart-1.webp","type":"image\/webp"}],"twitter_card":"summary_large_image","twitter_misc":{"Ansl. lesetid":"1 minutt"},"schema":{"@context":"https:\/\/schema.org","@graph":[{"@type":"WebPage","@id":"https:\/\/www.eqmnt.se\/no\/produkt\/tilbehor-elektrisk-moped\/hjelm-klassisk-svart\/","url":"https:\/\/www.eqmnt.se\/no\/produkt\/tilbehor-elektrisk-moped\/hjelm-klassisk-svart\/","name":"Classic-hjelmen i svart er en trygg hjelm for din el-moped Evess","isPartOf":{"@id":"https:\/\/www.eqmnt.se\/no\/#website"},"primaryImageOfPage":{"@id":"https:\/\/www.eqmnt.se\/no\/produkt\/tilbehor-elektrisk-moped\/hjelm-klassisk-svart\/#primaryimage"},"image":{"@id":"https:\/\/www.eqmnt.se\/no\/produkt\/tilbehor-elektrisk-moped\/hjelm-klassisk-svart\/#primaryimage"},"thumbnailUrl":"https:\/\/www.eqmnt.se\/wp-content\/uploads\/2023\/11\/hjalm_classic_svart-1.webp","datePublished":"2023-11-04T21:18:34+00:00","dateModified":"2023-12-10T21:29:05+00:00","description":"Beste mopedhjelm for moped og motorsykkel. En klassisk vintage hjelm i svart, sikkerhetsklassifisert ECE for mopeder, elektriske scootere og motorsykler.","breadcrumb":{"@id":"https:\/\/www.eqmnt.se\/no\/produkt\/tilbehor-elektrisk-moped\/hjelm-klassisk-svart\/#breadcrumb"},"inLanguage":"nb-NO","potentialAction":[{"@type":"ReadAction","target":["https:\/\/www.eqmnt.se\/no\/produkt\/tilbehor-elektrisk-moped\/hjelm-klassisk-svart\/"]}]},{"@type":"ImageObject","inLanguage":"nb-NO","@id":"https:\/\/www.eqmnt.se\/no\/produkt\/tilbehor-elektrisk-moped\/hjelm-klassisk-svart\/#primaryimage","url":"https:\/\/www.eqmnt.se\/wp-content\/uploads\/2023\/11\/hjalm_classic_svart-1.webp","contentUrl":"https:\/\/www.eqmnt.se\/wp-content\/uploads\/2023\/11\/hjalm_classic_svart-1.webp","width":1200,"height":1200,"caption":"Klassisk sort mopedhjelm"},{"@type":"BreadcrumbList","@id":"https:\/\/www.eqmnt.se\/no\/produkt\/tilbehor-elektrisk-moped\/hjelm-klassisk-svart\/#breadcrumb","itemListElement":[{"@type":"ListItem","position":1,"name":"Hem","item":"https:\/\/www.eqmnt.se\/no\/hjem\/"},{"@type":"ListItem","position":2,"name":"Butik","item":"https:\/\/www.eqmnt.se\/butik\/"},{"@type":"ListItem","position":3,"name":"Hjelm klassisk svart"}]},{"@type":"WebSite","@id":"https:\/\/www.eqmnt.se\/no\/#website","url":"https:\/\/www.eqmnt.se\/no\/","name":"Evess","description":"Smarta pumpar fr\u00e5n Eqmnt","publisher":{"@id":"https:\/\/www.eqmnt.se\/no\/#organization"},"potentialAction":[{"@type":"SearchAction","target":{"@type":"EntryPoint","urlTemplate":"https:\/\/www.eqmnt.se\/no\/?s={search_term_string}"},"query-input":{"@type":"PropertyValueSpecification","valueRequired":true,"valueName":"search_term_string"}}],"inLanguage":"nb-NO"},{"@type":"Organization","@id":"https:\/\/www.eqmnt.se\/no\/#organization","name":"Evess","url":"https:\/\/www.eqmnt.se\/no\/","logo":{"@type":"ImageObject","inLanguage":"nb-NO","@id":"https:\/\/www.eqmnt.se\/no\/#\/schema\/logo\/image\/","url":"https:\/\/www.eqmnt.se\/wp-content\/uploads\/2023\/11\/evess-logo-black.png","contentUrl":"https:\/\/www.eqmnt.se\/wp-content\/uploads\/2023\/11\/evess-logo-black.png","width":1417,"height":312,"caption":"Evess"},"image":{"@id":"https:\/\/www.eqmnt.se\/no\/#\/schema\/logo\/image\/"},"sameAs":["https:\/\/www.facebook.com\/evessmoped"]}]}},"_links":{"self":[{"href":"https:\/\/www.eqmnt.se\/no\/wp-json\/wp\/v2\/product\/664","targetHints":{"allow":["GET"]}}],"collection":[{"href":"https:\/\/www.eqmnt.se\/no\/wp-json\/wp\/v2\/product"}],"about":[{"href":"https:\/\/www.eqmnt.se\/no\/wp-json\/wp\/v2\/types\/product"}],"replies":[{"embeddable":true,"href":"https:\/\/www.eqmnt.se\/no\/wp-json\/wp\/v2\/comments?post=664"}],"wp:featuredmedia":[{"embeddable":true,"href":"https:\/\/www.eqmnt.se\/no\/wp-json\/wp\/v2\/media\/1011"}],"wp:attachment":[{"href":"https:\/\/www.eqmnt.se\/no\/wp-json\/wp\/v2\/media?parent=664"}],"wp:term":[{"taxonomy":"product_brand","embeddable":true,"href":"https:\/\/www.eqmnt.se\/no\/wp-json\/wp\/v2\/product_brand?post=664"},{"taxonomy":"product_cat","embeddable":true,"href":"https:\/\/www.eqmnt.se\/no\/wp-json\/wp\/v2\/product_cat?post=664"},{"taxonomy":"product_tag","embeddable":true,"href":"https:\/\/www.eqmnt.se\/no\/wp-json\/wp\/v2\/product_tag?post=664"}],"curies":[{"name":"wp","href":"https:\/\/api.w.org\/{rel}","templated":true}]}}