{"id":925,"date":"2023-11-07T14:27:17","date_gmt":"2023-11-07T14:27:17","guid":{"rendered":"https:\/\/www.evess.se\/baerekraft\/"},"modified":"2024-05-29T20:58:28","modified_gmt":"2024-05-29T20:58:28","slug":"baerekraft","status":"publish","type":"page","link":"https:\/\/www.eqmnt.se\/no\/baerekraft\/","title":{"rendered":"b\u00e6rekraft"},"content":{"rendered":"\n<figure class=\"wp-block-image size-full\"><img loading=\"lazy\" decoding=\"async\" width=\"720\" height=\"180\" src=\"https:\/\/www.eqmnt.se\/wp-content\/uploads\/2023\/11\/One-Tree-Planted-Banner.webp\" alt=\"\" class=\"wp-image-922\" srcset=\"https:\/\/www.eqmnt.se\/wp-content\/uploads\/2023\/11\/One-Tree-Planted-Banner.webp 720w, https:\/\/www.eqmnt.se\/wp-content\/uploads\/2023\/11\/One-Tree-Planted-Banner-600x150.webp 600w, https:\/\/www.eqmnt.se\/wp-content\/uploads\/2023\/11\/One-Tree-Planted-Banner-300x75.webp 300w, https:\/\/www.eqmnt.se\/wp-content\/uploads\/2023\/11\/One-Tree-Planted-Banner-500x125.webp 500w\" sizes=\"auto, (max-width: 720px) 100vw, 720px\" \/><\/figure>\n\n\n\n<h3 class=\"wp-block-heading\">V\u00e5r reise og visjon<\/h3>\n\n\n\n<p>I hjertet av Evess ligger en <a href=\"https:\/\/www.eqmnt.se\/om-oss\/\">historie om<\/a> innovasjon, en lidenskap for gr\u00f8nn teknologi og en dyp overbevisning om at hvert eneste skritt i retning av b\u00e6rekraft teller. Fra v\u00e5r beskjedne begynnelse, drevet av dr\u00f8mmen om \u00e5 gj\u00f8re b\u00e6rekraftig transport tilgjengelig for alle, har vi vokst med en klar visjon: \u00e5 integrere b\u00e6rekraft i hverdagsmobiliteten.<\/p>\n\n\n\n<h3 class=\"wp-block-heading\">Et skritt i riktig retning<\/h3>\n\n\n\n<p>V\u00e5r reise har v\u00e6rt fylt med utfordringer, l\u00e6ring og fremfor alt en urokkelig tro p\u00e5 at positiv endring er mulig gjennom samarbeid, innovasjon og engasjement. <\/p>\n\n\n\n<h3 class=\"wp-block-heading\">Partnerskap for planeten<\/h3>\n\n\n\n<p>Samarbeidet med OneTreePlanted er en naturlig forlengelse av v\u00e5r kjernefilosofi. Det er mer enn bare et tiltak for \u00e5 balansere karbonavtrykket fra transporten v\u00e5r; det er et uttrykk for v\u00e5r tro p\u00e5 \u00e5 reinvestere i jorden som gir oss s\u00e5 mye. For hver pump som finner et nytt hjem, gir vi tilbake til naturen ved \u00e5 plante et tre. Dette symboliserer v\u00e5rt h\u00e5p og l\u00f8fte om en gr\u00f8nnere og sunnere fremtid for kommende generasjoner.<\/p>\n\n\n\n<h3 class=\"wp-block-heading\">Felles visjon og handling<\/h3>\n\n\n\n<p>Samarbeidet med OneTreePlanted, en organisasjon som ogs\u00e5 er opptatt av milj\u00f8sanering og b\u00e6rekraft, gir oss muligheten til \u00e5 gj\u00f8re en global forskjell. Deres engasjement for \u00e5 plante tr\u00e6r over hele verden er helt i tr\u00e5d med v\u00e5re egne verdier. Vi tror at ved \u00e5 dele v\u00e5r historie, v\u00e5re suksesser og de utfordringene vi st\u00e5r overfor, kan vi inspirere flere til \u00e5 bli med i bevegelsen mot en mer b\u00e6rekraftig fremtid.<\/p>\n","protected":false},"excerpt":{"rendered":"<p>V\u00e5r reise og visjon I hjertet av Evess ligger en historie om innovasjon, en lidenskap for gr\u00f8nn teknologi og en dyp overbevisning om at hvert eneste skritt i retning av b\u00e6rekraft teller. Fra v\u00e5r beskjedne begynnelse, drevet av dr\u00f8mmen om \u00e5 gj\u00f8re b\u00e6rekraftig transport tilgjengelig for alle, har vi vokst med en klar visjon: \u00e5 [&hellip;]<\/p>\n","protected":false},"author":1,"featured_media":0,"parent":0,"menu_order":0,"comment_status":"closed","ping_status":"closed","template":"","meta":{"_acf_changed":false,"footnotes":""},"class_list":["post-925","page","type-page","status-publish","hentry"],"acf":[],"yoast_head":"<!-- This site is optimized with the Yoast SEO plugin v27.5 - https:\/\/yoast.com\/product\/yoast-seo-wordpress\/ -->\n<title>b\u00e6rekraft - Eqmnt<\/title>\n<meta name=\"robots\" content=\"index, follow, max-snippet:-1, max-image-preview:large, max-video-preview:-1\" \/>\n<link rel=\"canonical\" href=\"https:\/\/www.eqmnt.se\/no\/baerekraft\/\" \/>\n<meta property=\"og:locale\" content=\"nb_NO\" \/>\n<meta property=\"og:type\" content=\"article\" \/>\n<meta property=\"og:title\" content=\"b\u00e6rekraft - Eqmnt\" \/>\n<meta property=\"og:description\" content=\"V\u00e5r reise og visjon I hjertet av Evess ligger en historie om innovasjon, en lidenskap for gr\u00f8nn teknologi og en dyp overbevisning om at hvert eneste skritt i retning av b\u00e6rekraft teller. Fra v\u00e5r beskjedne begynnelse, drevet av dr\u00f8mmen om \u00e5 gj\u00f8re b\u00e6rekraftig transport tilgjengelig for alle, har vi vokst med en klar visjon: \u00e5 [&hellip;]\" \/>\n<meta property=\"og:url\" content=\"https:\/\/www.eqmnt.se\/no\/baerekraft\/\" \/>\n<meta property=\"og:site_name\" content=\"Eqmnt\" \/>\n<meta property=\"article:publisher\" content=\"https:\/\/www.facebook.com\/evessmoped\" \/>\n<meta property=\"article:modified_time\" content=\"2024-05-29T20:58:28+00:00\" \/>\n<meta property=\"og:image\" content=\"https:\/\/www.eqmnt.se\/wp-content\/uploads\/2023\/11\/One-Tree-Planted-Banner.webp\" \/>\n<meta name=\"twitter:card\" content=\"summary_large_image\" \/>\n<meta name=\"twitter:label1\" content=\"Ansl. lesetid\" \/>\n\t<meta name=\"twitter:data1\" content=\"2 minutter\" \/>\n<script type=\"application\/ld+json\" class=\"yoast-schema-graph\">{\"@context\":\"https:\\\/\\\/schema.org\",\"@graph\":[{\"@type\":\"WebPage\",\"@id\":\"https:\\\/\\\/www.eqmnt.se\\\/no\\\/baerekraft\\\/\",\"url\":\"https:\\\/\\\/www.eqmnt.se\\\/no\\\/baerekraft\\\/\",\"name\":\"b\u00e6rekraft - Eqmnt\",\"isPartOf\":{\"@id\":\"https:\\\/\\\/www.eqmnt.se\\\/no\\\/#website\"},\"primaryImageOfPage\":{\"@id\":\"https:\\\/\\\/www.eqmnt.se\\\/no\\\/baerekraft\\\/#primaryimage\"},\"image\":{\"@id\":\"https:\\\/\\\/www.eqmnt.se\\\/no\\\/baerekraft\\\/#primaryimage\"},\"thumbnailUrl\":\"https:\\\/\\\/www.eqmnt.se\\\/wp-content\\\/uploads\\\/2023\\\/11\\\/One-Tree-Planted-Banner.webp\",\"datePublished\":\"2023-11-07T14:27:17+00:00\",\"dateModified\":\"2024-05-29T20:58:28+00:00\",\"breadcrumb\":{\"@id\":\"https:\\\/\\\/www.eqmnt.se\\\/no\\\/baerekraft\\\/#breadcrumb\"},\"inLanguage\":\"nb-NO\",\"potentialAction\":[{\"@type\":\"ReadAction\",\"target\":[\"https:\\\/\\\/www.eqmnt.se\\\/no\\\/baerekraft\\\/\"]}]},{\"@type\":\"ImageObject\",\"inLanguage\":\"nb-NO\",\"@id\":\"https:\\\/\\\/www.eqmnt.se\\\/no\\\/baerekraft\\\/#primaryimage\",\"url\":\"https:\\\/\\\/www.eqmnt.se\\\/wp-content\\\/uploads\\\/2023\\\/11\\\/One-Tree-Planted-Banner.webp\",\"contentUrl\":\"https:\\\/\\\/www.eqmnt.se\\\/wp-content\\\/uploads\\\/2023\\\/11\\\/One-Tree-Planted-Banner.webp\"},{\"@type\":\"BreadcrumbList\",\"@id\":\"https:\\\/\\\/www.eqmnt.se\\\/no\\\/baerekraft\\\/#breadcrumb\",\"itemListElement\":[{\"@type\":\"ListItem\",\"position\":1,\"name\":\"Hem\",\"item\":\"https:\\\/\\\/www.eqmnt.se\\\/no\\\/hjem\\\/\"},{\"@type\":\"ListItem\",\"position\":2,\"name\":\"b\u00e6rekraft\"}]},{\"@type\":\"WebSite\",\"@id\":\"https:\\\/\\\/www.eqmnt.se\\\/no\\\/#website\",\"url\":\"https:\\\/\\\/www.eqmnt.se\\\/no\\\/\",\"name\":\"Evess\",\"description\":\"Smarta pumpar fr\u00e5n Eqmnt\",\"publisher\":{\"@id\":\"https:\\\/\\\/www.eqmnt.se\\\/no\\\/#organization\"},\"potentialAction\":[{\"@type\":\"SearchAction\",\"target\":{\"@type\":\"EntryPoint\",\"urlTemplate\":\"https:\\\/\\\/www.eqmnt.se\\\/no\\\/?s={search_term_string}\"},\"query-input\":{\"@type\":\"PropertyValueSpecification\",\"valueRequired\":true,\"valueName\":\"search_term_string\"}}],\"inLanguage\":\"nb-NO\"},{\"@type\":\"Organization\",\"@id\":\"https:\\\/\\\/www.eqmnt.se\\\/no\\\/#organization\",\"name\":\"Evess\",\"url\":\"https:\\\/\\\/www.eqmnt.se\\\/no\\\/\",\"logo\":{\"@type\":\"ImageObject\",\"inLanguage\":\"nb-NO\",\"@id\":\"https:\\\/\\\/www.eqmnt.se\\\/no\\\/#\\\/schema\\\/logo\\\/image\\\/\",\"url\":\"https:\\\/\\\/www.eqmnt.se\\\/wp-content\\\/uploads\\\/2023\\\/11\\\/evess-logo-black.png\",\"contentUrl\":\"https:\\\/\\\/www.eqmnt.se\\\/wp-content\\\/uploads\\\/2023\\\/11\\\/evess-logo-black.png\",\"width\":1417,\"height\":312,\"caption\":\"Evess\"},\"image\":{\"@id\":\"https:\\\/\\\/www.eqmnt.se\\\/no\\\/#\\\/schema\\\/logo\\\/image\\\/\"},\"sameAs\":[\"https:\\\/\\\/www.facebook.com\\\/evessmoped\"]}]}<\/script>\n<!-- \/ Yoast SEO plugin. -->","yoast_head_json":{"title":"b\u00e6rekraft - Eqmnt","robots":{"index":"index","follow":"follow","max-snippet":"max-snippet:-1","max-image-preview":"max-image-preview:large","max-video-preview":"max-video-preview:-1"},"canonical":"https:\/\/www.eqmnt.se\/no\/baerekraft\/","og_locale":"nb_NO","og_type":"article","og_title":"b\u00e6rekraft - Eqmnt","og_description":"V\u00e5r reise og visjon I hjertet av Evess ligger en historie om innovasjon, en lidenskap for gr\u00f8nn teknologi og en dyp overbevisning om at hvert eneste skritt i retning av b\u00e6rekraft teller. Fra v\u00e5r beskjedne begynnelse, drevet av dr\u00f8mmen om \u00e5 gj\u00f8re b\u00e6rekraftig transport tilgjengelig for alle, har vi vokst med en klar visjon: \u00e5 [&hellip;]","og_url":"https:\/\/www.eqmnt.se\/no\/baerekraft\/","og_site_name":"Eqmnt","article_publisher":"https:\/\/www.facebook.com\/evessmoped","article_modified_time":"2024-05-29T20:58:28+00:00","og_image":[{"url":"https:\/\/www.eqmnt.se\/wp-content\/uploads\/2023\/11\/One-Tree-Planted-Banner.webp","type":"","width":"","height":""}],"twitter_card":"summary_large_image","twitter_misc":{"Ansl. lesetid":"2 minutter"},"schema":{"@context":"https:\/\/schema.org","@graph":[{"@type":"WebPage","@id":"https:\/\/www.eqmnt.se\/no\/baerekraft\/","url":"https:\/\/www.eqmnt.se\/no\/baerekraft\/","name":"b\u00e6rekraft - Eqmnt","isPartOf":{"@id":"https:\/\/www.eqmnt.se\/no\/#website"},"primaryImageOfPage":{"@id":"https:\/\/www.eqmnt.se\/no\/baerekraft\/#primaryimage"},"image":{"@id":"https:\/\/www.eqmnt.se\/no\/baerekraft\/#primaryimage"},"thumbnailUrl":"https:\/\/www.eqmnt.se\/wp-content\/uploads\/2023\/11\/One-Tree-Planted-Banner.webp","datePublished":"2023-11-07T14:27:17+00:00","dateModified":"2024-05-29T20:58:28+00:00","breadcrumb":{"@id":"https:\/\/www.eqmnt.se\/no\/baerekraft\/#breadcrumb"},"inLanguage":"nb-NO","potentialAction":[{"@type":"ReadAction","target":["https:\/\/www.eqmnt.se\/no\/baerekraft\/"]}]},{"@type":"ImageObject","inLanguage":"nb-NO","@id":"https:\/\/www.eqmnt.se\/no\/baerekraft\/#primaryimage","url":"https:\/\/www.eqmnt.se\/wp-content\/uploads\/2023\/11\/One-Tree-Planted-Banner.webp","contentUrl":"https:\/\/www.eqmnt.se\/wp-content\/uploads\/2023\/11\/One-Tree-Planted-Banner.webp"},{"@type":"BreadcrumbList","@id":"https:\/\/www.eqmnt.se\/no\/baerekraft\/#breadcrumb","itemListElement":[{"@type":"ListItem","position":1,"name":"Hem","item":"https:\/\/www.eqmnt.se\/no\/hjem\/"},{"@type":"ListItem","position":2,"name":"b\u00e6rekraft"}]},{"@type":"WebSite","@id":"https:\/\/www.eqmnt.se\/no\/#website","url":"https:\/\/www.eqmnt.se\/no\/","name":"Evess","description":"Smarta pumpar fr\u00e5n Eqmnt","publisher":{"@id":"https:\/\/www.eqmnt.se\/no\/#organization"},"potentialAction":[{"@type":"SearchAction","target":{"@type":"EntryPoint","urlTemplate":"https:\/\/www.eqmnt.se\/no\/?s={search_term_string}"},"query-input":{"@type":"PropertyValueSpecification","valueRequired":true,"valueName":"search_term_string"}}],"inLanguage":"nb-NO"},{"@type":"Organization","@id":"https:\/\/www.eqmnt.se\/no\/#organization","name":"Evess","url":"https:\/\/www.eqmnt.se\/no\/","logo":{"@type":"ImageObject","inLanguage":"nb-NO","@id":"https:\/\/www.eqmnt.se\/no\/#\/schema\/logo\/image\/","url":"https:\/\/www.eqmnt.se\/wp-content\/uploads\/2023\/11\/evess-logo-black.png","contentUrl":"https:\/\/www.eqmnt.se\/wp-content\/uploads\/2023\/11\/evess-logo-black.png","width":1417,"height":312,"caption":"Evess"},"image":{"@id":"https:\/\/www.eqmnt.se\/no\/#\/schema\/logo\/image\/"},"sameAs":["https:\/\/www.facebook.com\/evessmoped"]}]}},"_links":{"self":[{"href":"https:\/\/www.eqmnt.se\/no\/wp-json\/wp\/v2\/pages\/925","targetHints":{"allow":["GET"]}}],"collection":[{"href":"https:\/\/www.eqmnt.se\/no\/wp-json\/wp\/v2\/pages"}],"about":[{"href":"https:\/\/www.eqmnt.se\/no\/wp-json\/wp\/v2\/types\/page"}],"author":[{"embeddable":true,"href":"https:\/\/www.eqmnt.se\/no\/wp-json\/wp\/v2\/users\/1"}],"replies":[{"embeddable":true,"href":"https:\/\/www.eqmnt.se\/no\/wp-json\/wp\/v2\/comments?post=925"}],"version-history":[{"count":3,"href":"https:\/\/www.eqmnt.se\/no\/wp-json\/wp\/v2\/pages\/925\/revisions"}],"predecessor-version":[{"id":14158,"href":"https:\/\/www.eqmnt.se\/no\/wp-json\/wp\/v2\/pages\/925\/revisions\/14158"}],"wp:attachment":[{"href":"https:\/\/www.eqmnt.se\/no\/wp-json\/wp\/v2\/media?parent=925"}],"curies":[{"name":"wp","href":"https:\/\/api.w.org\/{rel}","templated":true}]}}