{"id":14165,"date":"2023-11-02T12:57:34","date_gmt":"2023-11-02T12:57:34","guid":{"rendered":"https:\/\/www.eqmnt.se\/hjem\/"},"modified":"2025-03-23T22:04:11","modified_gmt":"2025-03-23T22:04:11","slug":"hjem","status":"publish","type":"page","link":"https:\/\/www.eqmnt.se\/no\/","title":{"rendered":"Hjem"},"content":{"rendered":"\n<h2 class=\"wp-block-heading\">Hvorfor Eqmnt-pumpen?<\/h2>\n\n<hr class=\"wp-block-separator has-alpha-channel-opacity\"\/>\n\n<div class=\"wp-block-columns is-layout-flex wp-container-core-columns-is-layout-9d6595d7 wp-block-columns-is-layout-flex\">\n<div class=\"wp-block-column box-underlined is-layout-flow wp-block-column-is-layout-flow\"><div class=\"wp-block-image grey-background-small\">\n<figure class=\"aligncenter size-full is-resized\"><img decoding=\"async\" src=\"https:\/\/www.eqmnt.se\/wp-content\/uploads\/2024\/05\/batteri.svg\" alt=\"\" class=\"wp-image-13979\" style=\"object-fit:contain;width:44px;height:auto\"\/><\/figure>\n<\/div>\n\n\n<p class=\"has-text-align-center\"><strong>Beste batterier<\/strong><\/p>\n\n\n\n<p class=\"has-text-align-center\">V\u00e5re pumper har alltid de beste litumbatteriene i seg. Pumpene overbeviser med mer enn 2 Ah.<\/p>\n<\/div>\n\n\n\n<div class=\"wp-block-column box-underlined is-layout-flow wp-block-column-is-layout-flow\"><div class=\"wp-block-image grey-background-small is-style-default\">\n<figure class=\"aligncenter size-full is-resized has-custom-border\"><img decoding=\"async\" src=\"https:\/\/www.eqmnt.se\/wp-content\/uploads\/2024\/05\/prestanda.svg\" alt=\"\" class=\"wp-image-13986\" style=\"border-radius:4px;object-fit:contain;width:46px;height:auto\"\/><\/figure>\n<\/div>\n\n\n<p class=\"has-text-align-center\"><strong>Ytelse<\/strong><\/p>\n\n\n\n<p class=\"has-text-align-center\">Med Eqmnt-pumpen pumper du raskt takket v\u00e6re de markedsledende kompressorene.<\/p>\n<\/div>\n\n\n\n<div class=\"wp-block-column box-underlined is-layout-flow wp-block-column-is-layout-flow\"><div class=\"wp-block-image grey-background-small\">\n<figure class=\"aligncenter size-full is-resized\"><img decoding=\"async\" src=\"https:\/\/www.eqmnt.se\/wp-content\/uploads\/2024\/05\/592255.svg\" alt=\"\" class=\"wp-image-13983\" style=\"object-fit:contain;width:52px;height:auto\"\/><\/figure>\n<\/div>\n\n\n<p class=\"has-text-align-center\"><strong>Presisjon<\/strong><\/p>\n\n\n\n<p class=\"has-text-align-center\">Med pumpene er det bare \u00e5 velge trykket p\u00e5 det digitale displayet, s\u00e5 tar pumpen seg av resten til n\u00f8yaktig det \u00f8nskede trykket. <\/p>\n<\/div>\n<\/div>\n\n<hr class=\"wp-block-separator has-alpha-channel-opacity\"\/>\n\n<h2 class=\"wp-block-heading\">vanlige sp\u00f8rsm\u00e5l<\/h2>\n\n<hr class=\"wp-block-separator has-alpha-channel-opacity\"\/>\n<div class=\"faq-section\"><div class=\"faq-item\"><div class=\"faq-question\" onclick=\"toggleAnswer(this)\">Hur mycket kan jag pumpa p\u00e5 en laddning?<span class=\"arrow\"><\/span><\/div><div class=\"faq-answer\"><p>N\u00e4r pumpen \u00e4r fulladdad kan man pump upp till 40 bollar med boll\/d\u00e4ck pumpen och upp till 3 SUP-br\u00e4dor med SUP-pumpen.<\/p><\/div><\/div><div class=\"faq-item\"><div class=\"faq-question\" onclick=\"toggleAnswer(this)\">Hur l\u00e5ng tid tar det att pumpa?<span class=\"arrow\"><\/span><\/div><div class=\"faq-answer\"><p>En fotboll pumpas p\u00e5 ca 10 sekunder beroende p\u00e5 hur mycket luft som finns i bollen innan man b\u00f6rjar ladda. En SUP-br\u00e4da pumpas p\u00e5 ca 10 minuter. <\/p><\/div><\/div><div class=\"faq-item\"><div class=\"faq-question\" onclick=\"toggleAnswer(this)\">Hur l\u00e5ng tid tar det att ladda upp pumpen?<span class=\"arrow\"><\/span><\/div><div class=\"faq-answer\"><p>Pumparna laddas upp fullt inom en timme.<\/p><\/div><\/div><div class=\"faq-item\"><div class=\"faq-question\" onclick=\"toggleAnswer(this)\">F\u00e5r jag ta med mig pumparna p\u00e5 flyget?<span class=\"arrow\"><\/span><\/div><div class=\"faq-answer\"><p>Ja, i hand baggage f\u00e5r man ta med sig pumparna.<\/p><\/div><\/div><\/div>\n\n<h2 class=\"wp-block-heading\">Pumpene fra Eqmnt<\/h2>\n\n<h3 class=\"wp-block-heading\">Jevne, raske, presise &#8211; pumpene du alltid har trengt!<\/h3>\n\n\r\n        <div class=\"custom-read-more\" id=\"readmore_69fc8cbd03a6f\">\r\n            <div class=\"read-more-content\">\r\n                \n\n<p>En pumpe er alltid noe du har eller har hatt hjemme i kjelleren eller garasjen. Vi husker alle hvor vanskelig det var \u00e5 finne frem st\u00e5pumpen n\u00e5r man f\u00f8rst hadde funnet den, og begynne \u00e5 pumpe med hendene. N\u00e5r du f\u00e5r inn nok luft, har pumpen vanligvis pumpet for mye. Da m\u00e5 du ta ut pumpen og slippe luften forsiktig ut, og sette pumpen inn igjen for \u00e5 se om trykket er riktig. Tidligere ble kompressorpumper bare brukt til \u00e5 pumpe store traktordekk eller andre store gjenstander som det ville tatt altfor lang tid \u00e5 pumpe for h\u00e5nd. Etter hvert som batteriene har blitt bedre for hvert \u00e5r, har litiumbatteriene n\u00e5 blitt s\u00e5 gode at de kan drive kompressoren til pumpen med en slik styrke at du kan pumpe praktisk talt hva som helst med en pumpe som nesten ikke veier noe og er liten nok til \u00e5 f\u00e5 plass i skapet. Pumper har helt klart revolusjonert seg selv de siste \u00e5rene, og resultatene er utrolige. <\/p>\n\n<h3 class=\"wp-block-heading\">De viktigste fordelene med el-pump<\/h3>\n\n<ul class=\"wp-block-list\">\n<li>Friheten til \u00e5 lade den hvor som helst det er en stikkontakt.<\/li>\n\n\n\n<li>Rask og enkel \u00e5 ta med seg.<\/li>\n\n\n\n<li>Pumper i lang tid &#8211; perfekt til alt du kan tenke deg.<\/li>\n\n\n\n<li>Til \u00e5 v\u00e6re en kompressorpumpe g\u00e5r de stille.<\/li>\n\n\n\n<li>Lett \u00e5 ta med seg overalt takket v\u00e6re pumpens kompakte st\u00f8rrelse.<\/li>\n<\/ul>\n\n<h3 class=\"wp-block-heading\">Allerede klar til \u00e5 pumpe<\/h3>\n\n<p>Hver pumpe fra Eqmnt leveres allerede ladet og klar til bruk. Deretter pumper du flere baller, sykkeldekk, bildekk, SUP-brett eller andre gjenstander f\u00f8r det er p\u00e5 tide \u00e5 laste f\u00f8rste gang. N\u00e5r den er ferdig med \u00e5 pumpe, er det bare \u00e5 pumpe den opp igjen, s\u00e5 er pumpen klar til \u00e5 pumpe etter bare \u00e9n times lading. <\/p>\n\n<p>Pumpene best\u00e5r av kvalitetstestede litiumbatterier som driver kompressoren. Kompressorpumper er kjent for \u00e5 v\u00e6re de beste pumpene som kan pumpe nesten hva som helst. Kompressorene i pumpene v\u00e5re er testet over lang tid og er robuste i all slags v\u00e6r og svikter aldri. <\/p>\n\n<p>Fleksibiliteten \u00f8kes ved at de ogs\u00e5 kan tas med p\u00e5 fly. Dette er veldig praktisk hvis du reiser et sted med SUP-brett eller luftmadrass, og du trenger ikke \u00e5 bekymre deg for \u00e5 pumpe opp tingene dine n\u00e5r du kommer frem &#8211; med pumpene fra Eqmnt sitter du ved siden av mens pumpen gj\u00f8r jobben.<\/p>\n\n<p>Med pumpen fra Eqmnt sparer du b\u00e5de str\u00f8m og tid, og du f\u00e5r ogs\u00e5 varene dine pumpet til akkurat det trykket du \u00f8nsker.<\/p>\n\n<h3 class=\"wp-block-heading\">Kj\u00f8p pump &#8211; Dette b\u00f8r du tenke p\u00e5<\/h3>\n\n<p>N\u00e5r du bestemmer deg for \u00e5 kj\u00f8pe en pumpe, er det viktig \u00e5 finne den riktige modellen som passer til dine behov. Hvis du \u00f8nsker \u00e5 pumpe til h\u00f8yt trykk, f.eks. baller og dekk, er v\u00e5r ball- og dekkpumpe det beste du kan tenke deg. Hvis du pumper gjenstander med mye volum, er SUP-pumpen det beste valget. Her er noen viktige aspekter du b\u00f8r ta hensyn til n\u00e5r du planlegger \u00e5 kj\u00f8pe en pumpe:<\/p>\n\n<ul class=\"wp-block-list\">\n<li><strong>Batteriytelse:<\/strong> Et kvalitetsbatteri har h\u00f8yeste prioritet. Gir den nok str\u00f8m og tilbyr den mange ladesykluser?<\/li>\n\n\n\n<li>Hvor <strong>lenge pumper pumpen:<\/strong> Hvor langt kan pumpen ta deg p\u00e5 \u00e9n lading? Det er viktig \u00e5 velge en pumpe med et godt nok batteri og en kompressor som kan pumpe lenge nok.<\/li>\n\n\n\n<li><strong>Design og komfort:<\/strong> Ser pumpen tiltalende ut? Er den lett \u00e5 b\u00e6re?<\/li>\n\n\n\n<li>Rimelig pris<strong>:<\/strong> Er prisen p\u00e5 pumpen innenfor budsjettet ditt? Produktsidene v\u00e5re gir deg all den informasjonen du trenger om pumpene v\u00e5re, slik at du kan ta en informert beslutning.<\/li>\n<\/ul>\n\n<p>\u00c5 velge riktig el-moped er et viktig skritt mot en mer b\u00e6rekraftig og komfortabel transportl\u00f8sning. La oss hjelpe deg med \u00e5 finne den perfekte modellen for dine behov.<\/p>\n\n<h3 class=\"wp-block-heading\">Hvorfor en eqmnt skiller seg ut fra mengden<\/h3>\n\n<p>Batteriet er hjertet i din el-moped , og kvaliteten p\u00e5 denne kan variere betydelig mellom ulike produsenter. N\u00e5r du bestemmer deg for \u00e5 kj\u00f8pe en el-pump , vil du snart merke at ikke alle elektriske pumper er skapt like. Mange produsenter bruker d\u00e5rligere typer battericeller som kan ha lavere ytelse og kortere levetid.<\/p>\n\n<p>Men n\u00e5r du velger eqmnt velger du et batteri som leverer p\u00e5 alle fronter. Antall Ampere-timer i batteriet ditt er ikke bare avgj\u00f8rende for hvor langt du kan reise p\u00e5 en enkelt lading, men ogs\u00e5 for ytelsen til mopeden din. Dette p\u00e5virker hvor fort du kan kj\u00f8re, selv i oppoverbakke, og hvordan enheten f\u00f8les \u00e5 kj\u00f8re, spesielt n\u00e5r batteriet begynner \u00e5 bli tomt.<\/p>\n\n<p>Pumpene v\u00e5re har ikke bare bevist sin p\u00e5litelighet og ytelse. Hver eneste komponent er optimalisert for topp ytelse og kvalitet ned til minste detalj, og alt presenteres i en elegant, futuristisk design. \u00c5 kj\u00f8pe en pumpe fra Eqmnt er derfor ikke bare \u00e5 investere i et produkt &#8211; det er \u00e5 investere i en smidigere hverdag som ogs\u00e5 forbedrer opplevelsen av produktene betraktelig etter at Eqmnt har pumpet dem opp. <\/p>\n\n\r\n            <\/div>\r\n            <p>  <strong> <a href=\"javascript:;\" onclick=\"toggleReadMore('readmore_69fc8cbd03a6f')\" class=\"read-more-btn\">L\u00e4s mer<\/a> <\/strong> <\/p> \r\n        <\/div>\r\n    \n","protected":false},"excerpt":{"rendered":"<p>Hvorfor Eqmnt-pumpen? Beste batterier V\u00e5re pumper har alltid de beste litumbatteriene i seg. Pumpene overbeviser med mer enn 2 Ah. Ytelse Med Eqmnt-pumpen pumper du raskt takket v\u00e6re de markedsledende kompressorene. Presisjon Med pumpene er det bare \u00e5 velge trykket p\u00e5 det digitale displayet, s\u00e5 tar pumpen seg av resten til n\u00f8yaktig det \u00f8nskede trykket. [&hellip;]<\/p>\n","protected":false},"author":1,"featured_media":0,"parent":0,"menu_order":0,"comment_status":"closed","ping_status":"closed","template":"","meta":{"_acf_changed":false,"footnotes":""},"class_list":["post-14165","page","type-page","status-publish","hentry"],"acf":[],"yoast_head":"<!-- This site is optimized with the Yoast SEO plugin v27.5 - https:\/\/yoast.com\/product\/yoast-seo-wordpress\/ -->\n<title>Elektrisk moped med retrostil - klassisk italiensk design - Eqmnt<\/title>\n<meta name=\"description\" content=\"Elektrisk moped med stilig italiensk design og kraftige batterier. Kj\u00f8p din el-moped her for rask levering. Vi holder til i Stockholm, G\u00f8teborg og Malm\u00f6.\" \/>\n<meta name=\"robots\" content=\"index, follow, max-snippet:-1, max-image-preview:large, max-video-preview:-1\" \/>\n<link rel=\"canonical\" href=\"https:\/\/www.eqmnt.se\/no\/\" \/>\n<meta property=\"og:locale\" content=\"nb_NO\" \/>\n<meta property=\"og:type\" content=\"article\" \/>\n<meta property=\"og:title\" content=\"Elektrisk moped med retrostil - klassisk italiensk design - Eqmnt\" \/>\n<meta property=\"og:description\" content=\"Elektrisk moped med stilig italiensk design og kraftige batterier. Kj\u00f8p din el-moped her for rask levering. Vi holder til i Stockholm, G\u00f8teborg og Malm\u00f6.\" \/>\n<meta property=\"og:url\" content=\"https:\/\/www.eqmnt.se\/no\/\" \/>\n<meta property=\"og:site_name\" content=\"Eqmnt\" \/>\n<meta property=\"article:publisher\" content=\"https:\/\/www.facebook.com\/evessmoped\" \/>\n<meta property=\"article:modified_time\" content=\"2025-03-23T22:04:11+00:00\" \/>\n<meta name=\"twitter:card\" content=\"summary_large_image\" \/>\n<meta name=\"twitter:label1\" content=\"Ansl. lesetid\" \/>\n\t<meta name=\"twitter:data1\" content=\"4 minutter\" \/>\n<script type=\"application\/ld+json\" class=\"yoast-schema-graph\">{\"@context\":\"https:\\\/\\\/schema.org\",\"@graph\":[{\"@type\":\"WebPage\",\"@id\":\"https:\\\/\\\/www.eqmnt.se\\\/no\\\/\",\"url\":\"https:\\\/\\\/www.eqmnt.se\\\/no\\\/\",\"name\":\"Elektrisk moped med retrostil - klassisk italiensk design - Eqmnt\",\"isPartOf\":{\"@id\":\"https:\\\/\\\/www.eqmnt.se\\\/no\\\/#website\"},\"primaryImageOfPage\":{\"@id\":\"https:\\\/\\\/www.eqmnt.se\\\/no\\\/#primaryimage\"},\"image\":{\"@id\":\"https:\\\/\\\/www.eqmnt.se\\\/no\\\/#primaryimage\"},\"thumbnailUrl\":\"https:\\\/\\\/www.eqmnt.se\\\/wp-content\\\/uploads\\\/2024\\\/05\\\/batteri.svg\",\"datePublished\":\"2023-11-02T12:57:34+00:00\",\"dateModified\":\"2025-03-23T22:04:11+00:00\",\"description\":\"Elektrisk moped med stilig italiensk design og kraftige batterier. Kj\u00f8p din el-moped her for rask levering. Vi holder til i Stockholm, G\u00f8teborg og Malm\u00f6.\",\"breadcrumb\":{\"@id\":\"https:\\\/\\\/www.eqmnt.se\\\/no\\\/#breadcrumb\"},\"inLanguage\":\"nb-NO\",\"potentialAction\":[{\"@type\":\"ReadAction\",\"target\":[\"https:\\\/\\\/www.eqmnt.se\\\/no\\\/\"]}]},{\"@type\":\"ImageObject\",\"inLanguage\":\"nb-NO\",\"@id\":\"https:\\\/\\\/www.eqmnt.se\\\/no\\\/#primaryimage\",\"url\":\"https:\\\/\\\/www.eqmnt.se\\\/wp-content\\\/uploads\\\/2024\\\/05\\\/batteri.svg\",\"contentUrl\":\"https:\\\/\\\/www.eqmnt.se\\\/wp-content\\\/uploads\\\/2024\\\/05\\\/batteri.svg\"},{\"@type\":\"BreadcrumbList\",\"@id\":\"https:\\\/\\\/www.eqmnt.se\\\/no\\\/#breadcrumb\",\"itemListElement\":[{\"@type\":\"ListItem\",\"position\":1,\"name\":\"Hem\",\"item\":\"https:\\\/\\\/www.eqmnt.se\\\/no\\\/hjem\\\/\"},{\"@type\":\"ListItem\",\"position\":2,\"name\":\"Hjem\"}]},{\"@type\":\"WebSite\",\"@id\":\"https:\\\/\\\/www.eqmnt.se\\\/no\\\/#website\",\"url\":\"https:\\\/\\\/www.eqmnt.se\\\/no\\\/\",\"name\":\"Evess\",\"description\":\"Smarta pumpar fr\u00e5n Eqmnt\",\"publisher\":{\"@id\":\"https:\\\/\\\/www.eqmnt.se\\\/no\\\/#organization\"},\"potentialAction\":[{\"@type\":\"SearchAction\",\"target\":{\"@type\":\"EntryPoint\",\"urlTemplate\":\"https:\\\/\\\/www.eqmnt.se\\\/no\\\/?s={search_term_string}\"},\"query-input\":{\"@type\":\"PropertyValueSpecification\",\"valueRequired\":true,\"valueName\":\"search_term_string\"}}],\"inLanguage\":\"nb-NO\"},{\"@type\":\"Organization\",\"@id\":\"https:\\\/\\\/www.eqmnt.se\\\/no\\\/#organization\",\"name\":\"Evess\",\"url\":\"https:\\\/\\\/www.eqmnt.se\\\/no\\\/\",\"logo\":{\"@type\":\"ImageObject\",\"inLanguage\":\"nb-NO\",\"@id\":\"https:\\\/\\\/www.eqmnt.se\\\/no\\\/#\\\/schema\\\/logo\\\/image\\\/\",\"url\":\"https:\\\/\\\/www.eqmnt.se\\\/wp-content\\\/uploads\\\/2023\\\/11\\\/evess-logo-black.png\",\"contentUrl\":\"https:\\\/\\\/www.eqmnt.se\\\/wp-content\\\/uploads\\\/2023\\\/11\\\/evess-logo-black.png\",\"width\":1417,\"height\":312,\"caption\":\"Evess\"},\"image\":{\"@id\":\"https:\\\/\\\/www.eqmnt.se\\\/no\\\/#\\\/schema\\\/logo\\\/image\\\/\"},\"sameAs\":[\"https:\\\/\\\/www.facebook.com\\\/evessmoped\"]}]}<\/script>\n<!-- \/ Yoast SEO plugin. -->","yoast_head_json":{"title":"Elektrisk moped med retrostil - klassisk italiensk design - Eqmnt","description":"Elektrisk moped med stilig italiensk design og kraftige batterier. Kj\u00f8p din el-moped her for rask levering. Vi holder til i Stockholm, G\u00f8teborg og Malm\u00f6.","robots":{"index":"index","follow":"follow","max-snippet":"max-snippet:-1","max-image-preview":"max-image-preview:large","max-video-preview":"max-video-preview:-1"},"canonical":"https:\/\/www.eqmnt.se\/no\/","og_locale":"nb_NO","og_type":"article","og_title":"Elektrisk moped med retrostil - klassisk italiensk design - Eqmnt","og_description":"Elektrisk moped med stilig italiensk design og kraftige batterier. Kj\u00f8p din el-moped her for rask levering. Vi holder til i Stockholm, G\u00f8teborg og Malm\u00f6.","og_url":"https:\/\/www.eqmnt.se\/no\/","og_site_name":"Eqmnt","article_publisher":"https:\/\/www.facebook.com\/evessmoped","article_modified_time":"2025-03-23T22:04:11+00:00","twitter_card":"summary_large_image","twitter_misc":{"Ansl. lesetid":"4 minutter"},"schema":{"@context":"https:\/\/schema.org","@graph":[{"@type":"WebPage","@id":"https:\/\/www.eqmnt.se\/no\/","url":"https:\/\/www.eqmnt.se\/no\/","name":"Elektrisk moped med retrostil - klassisk italiensk design - Eqmnt","isPartOf":{"@id":"https:\/\/www.eqmnt.se\/no\/#website"},"primaryImageOfPage":{"@id":"https:\/\/www.eqmnt.se\/no\/#primaryimage"},"image":{"@id":"https:\/\/www.eqmnt.se\/no\/#primaryimage"},"thumbnailUrl":"https:\/\/www.eqmnt.se\/wp-content\/uploads\/2024\/05\/batteri.svg","datePublished":"2023-11-02T12:57:34+00:00","dateModified":"2025-03-23T22:04:11+00:00","description":"Elektrisk moped med stilig italiensk design og kraftige batterier. Kj\u00f8p din el-moped her for rask levering. Vi holder til i Stockholm, G\u00f8teborg og Malm\u00f6.","breadcrumb":{"@id":"https:\/\/www.eqmnt.se\/no\/#breadcrumb"},"inLanguage":"nb-NO","potentialAction":[{"@type":"ReadAction","target":["https:\/\/www.eqmnt.se\/no\/"]}]},{"@type":"ImageObject","inLanguage":"nb-NO","@id":"https:\/\/www.eqmnt.se\/no\/#primaryimage","url":"https:\/\/www.eqmnt.se\/wp-content\/uploads\/2024\/05\/batteri.svg","contentUrl":"https:\/\/www.eqmnt.se\/wp-content\/uploads\/2024\/05\/batteri.svg"},{"@type":"BreadcrumbList","@id":"https:\/\/www.eqmnt.se\/no\/#breadcrumb","itemListElement":[{"@type":"ListItem","position":1,"name":"Hem","item":"https:\/\/www.eqmnt.se\/no\/hjem\/"},{"@type":"ListItem","position":2,"name":"Hjem"}]},{"@type":"WebSite","@id":"https:\/\/www.eqmnt.se\/no\/#website","url":"https:\/\/www.eqmnt.se\/no\/","name":"Evess","description":"Smarta pumpar fr\u00e5n Eqmnt","publisher":{"@id":"https:\/\/www.eqmnt.se\/no\/#organization"},"potentialAction":[{"@type":"SearchAction","target":{"@type":"EntryPoint","urlTemplate":"https:\/\/www.eqmnt.se\/no\/?s={search_term_string}"},"query-input":{"@type":"PropertyValueSpecification","valueRequired":true,"valueName":"search_term_string"}}],"inLanguage":"nb-NO"},{"@type":"Organization","@id":"https:\/\/www.eqmnt.se\/no\/#organization","name":"Evess","url":"https:\/\/www.eqmnt.se\/no\/","logo":{"@type":"ImageObject","inLanguage":"nb-NO","@id":"https:\/\/www.eqmnt.se\/no\/#\/schema\/logo\/image\/","url":"https:\/\/www.eqmnt.se\/wp-content\/uploads\/2023\/11\/evess-logo-black.png","contentUrl":"https:\/\/www.eqmnt.se\/wp-content\/uploads\/2023\/11\/evess-logo-black.png","width":1417,"height":312,"caption":"Evess"},"image":{"@id":"https:\/\/www.eqmnt.se\/no\/#\/schema\/logo\/image\/"},"sameAs":["https:\/\/www.facebook.com\/evessmoped"]}]}},"_links":{"self":[{"href":"https:\/\/www.eqmnt.se\/no\/wp-json\/wp\/v2\/pages\/14165","targetHints":{"allow":["GET"]}}],"collection":[{"href":"https:\/\/www.eqmnt.se\/no\/wp-json\/wp\/v2\/pages"}],"about":[{"href":"https:\/\/www.eqmnt.se\/no\/wp-json\/wp\/v2\/types\/page"}],"author":[{"embeddable":true,"href":"https:\/\/www.eqmnt.se\/no\/wp-json\/wp\/v2\/users\/1"}],"replies":[{"embeddable":true,"href":"https:\/\/www.eqmnt.se\/no\/wp-json\/wp\/v2\/comments?post=14165"}],"version-history":[{"count":3,"href":"https:\/\/www.eqmnt.se\/no\/wp-json\/wp\/v2\/pages\/14165\/revisions"}],"predecessor-version":[{"id":14168,"href":"https:\/\/www.eqmnt.se\/no\/wp-json\/wp\/v2\/pages\/14165\/revisions\/14168"}],"wp:attachment":[{"href":"https:\/\/www.eqmnt.se\/no\/wp-json\/wp\/v2\/media?parent=14165"}],"curies":[{"name":"wp","href":"https:\/\/api.w.org\/{rel}","templated":true}]}}